{"id":681,"date":"2014-09-22T23:01:17","date_gmt":"2014-09-22T21:01:17","guid":{"rendered":"http:\/\/www.1.wuerzburger-fischerverein.de\/home\/?page_id=681"},"modified":"2016-01-31T16:13:19","modified_gmt":"2016-01-31T15:13:19","slug":"gaestebuch","status":"publish","type":"page","link":"https:\/\/www.1.wuerzburger-fischerverein.de\/home\/gaestebuch\/","title":{"rendered":"G\u00e4stebuch"},"content":{"rendered":"<div class=\"gwolle-gb\"><div class=\"gwolle-gb-messages-top-container\"><\/div>\n\t\t\t<div class=\"gwolle-gb-write-button\">\n\t\t\t\t<input type=\"button\" name=\"gwolle-gb-write-button\" class=\"button btn btn-default \" value=\"Neuen Eintrag schreiben\" aria-expanded=\"false\" \/>\n\t\t\t<\/div>\n\t\t\t<form action=\"#\" method=\"POST\" class=\"gwolle-gb-write gwolle-gb-hide gwolle-gb-float gwolle-gb-form-ajax gwolle-gb-ajax gwolle-gb-not-logged-in\">\n\t\t\t\t<h3>Einen neuen Eintrag f\u00fcr das G\u00e4stebuch schreiben<\/h3>\n\t\t\t\t<button type=\"button\" class=\"gb-notice-dismiss\">x<span class=\"screen-reader-text\">Dieses Formular ausblenden<\/span><\/button>\n\t\t\t\n\t\t\t\t<input type=\"hidden\" name=\"gwolle_gb_function\" class=\"gwolle_gb_function\" value=\"add_entry\" \/><input type=\"hidden\" name=\"gwolle_gb_book_id\" class=\"gwolle_gb_book_id\" value=\"1\" \/><div class=\"gwolle_gb_7c308fd9edb734eabebdf0495f21b298\">\n\t\t\t\t<div class=\"label\"><label for=\"gwolle_gb_7c308fd9edb734eabebdf0495f21b298-1\" class=\"text-info\">Name <span class=\"required\">*<\/span><\/label><\/div>\n\t\t\t\t<div class=\"input\"><input class=\"wp-exclude-emoji gwolle_gb_7c308fd9edb734eabebdf0495f21b298\" value=\"\" type=\"text\" id=\"gwolle_gb_7c308fd9edb734eabebdf0495f21b298-1\" name=\"gwolle_gb_7c308fd9edb734eabebdf0495f21b298\" required \/><\/div>\n\t\t\t\t<div class=\"clearBoth\">&nbsp;<\/div>\n\t\t\t<\/div><div class=\"gwolle_gb_90619745ede6038c19d4be5a23c6baf5\">\n\t\t\t\t\t<div class=\"label\"><label for=\"gwolle_gb_90619745ede6038c19d4be5a23c6baf5-1\" class=\"text-info\">Stadt<\/label><\/div>\n\t\t\t\t\t<div class=\"input\"><input class=\"wp-exclude-emoji gwolle_gb_90619745ede6038c19d4be5a23c6baf5\" value=\"\" type=\"text\" id=\"gwolle_gb_90619745ede6038c19d4be5a23c6baf5-1\" name=\"gwolle_gb_90619745ede6038c19d4be5a23c6baf5\" \/><\/div>\n\t\t\t\t\t<div class=\"clearBoth\">&nbsp;<\/div>\n\t\t\t\t<\/div><div class=\"gwolle_gb_7a909322aa55efb36ef55d3636f02aca\">\n\t\t\t\t<div class=\"label\"><label for=\"gwolle_gb_7a909322aa55efb36ef55d3636f02aca-1\" class=\"text-info\">E-Mail <span class=\"required\">*<\/span><\/label><\/div>\n\t\t\t\t<div class=\"input\"><input class=\"gwolle_gb_7a909322aa55efb36ef55d3636f02aca\" value=\"\" type=\"email\" id=\"gwolle_gb_7a909322aa55efb36ef55d3636f02aca-1\" name=\"gwolle_gb_7a909322aa55efb36ef55d3636f02aca\" required \/><\/div>\n\t\t\t\t<div class=\"clearBoth\">&nbsp;<\/div>\n\t\t\t<\/div><div class=\"gwolle_gb_e6254f9f56660a2183ce381e77d6bbe7\">\n\t\t\t\t<div class=\"label\"><label for=\"gwolle_gb_e6254f9f56660a2183ce381e77d6bbe7-1\" class=\"text-info\">Website<\/label><\/div>\n\t\t\t\t<div class=\"input\"><input class=\"gwolle_gb_e6254f9f56660a2183ce381e77d6bbe7\" value=\"\" type=\"url\" id=\"gwolle_gb_e6254f9f56660a2183ce381e77d6bbe7-1\" name=\"gwolle_gb_e6254f9f56660a2183ce381e77d6bbe7\" \/><\/div>\n\t\t\t\t<div class=\"clearBoth\">&nbsp;<\/div>\n\t\t\t<\/div>\n\t\t\t<div class=\"gwolle_gb_a144e0c8d979684cf066e5c301cc2727\" style=\"display:none;overflow:hidden;\" hidden=\"true\" aria-hidden=\"true\">\n\t\t\t\t<div class=\"label\">\n\t\t\t\t\t<label for=\"gwolle_gb_a144e0c8d979684cf066e5c301cc2727-1\" class=\"text-primary\">Hier nichts eingeben<\/label>\n\t\t\t\t\t<label for=\"gwolle_gb_d672d0e71503e200d705aab8a50f3ae5-1\" class=\"text-primary\">Hier nichts eingeben<\/label>\n\t\t\t\t<\/div>\n\t\t\t\t<div class=\"input\">\n\t\t\t\t\t<input value=\"51\" type=\"text\" id=\"gwolle_gb_a144e0c8d979684cf066e5c301cc2727-1\" name=\"gwolle_gb_a144e0c8d979684cf066e5c301cc2727\" class=\"gwolle_gb_a144e0c8d979684cf066e5c301cc2727\" style=\"transform: translateY(10000px);\" \/>\n\t\t\t\t\t<input value=\"\" type=\"text\" name=\"gwolle_gb_d672d0e71503e200d705aab8a50f3ae5\" id=\"gwolle_gb_d672d0e71503e200d705aab8a50f3ae5-1\" class=\"gwolle_gb_d672d0e71503e200d705aab8a50f3ae5\" style=\"transform: translateY(10000px);\" \/>\n\t\t\t\t<\/div>\n\t\t\t\t<div class=\"clearBoth\"><\/div>\n\t\t\t<\/div>\n\t\t\t<div class=\"gwolle_gb_eabf126b2f1131d7263b5bb3bb20e06f\" style=\"display:none;overflow:hidden;\" hidden=\"true\" aria-hidden=\"true\">\n\t\t\t\t<div class=\"label\">\n\t\t\t\t\t<label for=\"gwolle_gb_eabf126b2f1131d7263b5bb3bb20e06f-1\" class=\"text-primary\">Hier nichts eingeben<\/label>\n\t\t\t\t\t<label for=\"gwolle_gb_e63fa2c1c1a2cef41b08c5249a86cd5f-1\" class=\"text-primary\">Hier nichts eingeben<\/label>\n\t\t\t\t<\/div>\n\t\t\t\t<div class=\"input\">\n\t\t\t\t\t<input value=\"47883\" type=\"text\" id=\"gwolle_gb_eabf126b2f1131d7263b5bb3bb20e06f-1\" name=\"gwolle_gb_eabf126b2f1131d7263b5bb3bb20e06f\" class=\"gwolle_gb_eabf126b2f1131d7263b5bb3bb20e06f\" style=\"transform: translateY(10000px);\" \/>\n\t\t\t\t\t<input value=\"47883\" type=\"text\"id=\"gwolle_gb_e63fa2c1c1a2cef41b08c5249a86cd5f-1\" name=\"gwolle_gb_e63fa2c1c1a2cef41b08c5249a86cd5f\" class=\"gwolle_gb_e63fa2c1c1a2cef41b08c5249a86cd5f\" style=\"transform: translateY(10000px);\" \/>\n\t\t\t\t<\/div>\n\t\t\t\t<div class=\"clearBoth\"><\/div>\n\t\t\t<\/div><div class=\"gwolle_gb_content\">\n\t\t\t\t<div class=\"label\"><label for=\"gwolle_gb_content-1\" class=\"text-info\">G\u00e4stebucheintrag <span class=\"required\">*<\/span><\/label><\/div>\n\t\t\t\t<div class=\"input\"><textarea id=\"gwolle_gb_content-1\" name=\"gwolle_gb_content\" class=\"gwolle_gb_content wp-exclude-emoji\" required ><\/textarea><\/div>\n\t\t\t\t\t<div class=\"clearBoth\">&nbsp;<\/div>\n\t\t\t\t<\/div><input type=\"hidden\" class=\"gwolle_gb_c005b05767d396079f33325a64f4bef6\" id=\"gwolle_gb_c005b05767d396079f33325a64f4bef6-1\" name=\"gwolle_gb_c005b05767d396079f33325a64f4bef6\" value=\"43f6c4617d\" \/>\n\t\t\t<div class=\"gwolle-gb-messages-bottom-container\"><\/div>\n\n\t\t\t<noscript><div class=\"no-js\">Warnung: Dieses Formular kann nur verwendet werden, wenn in deinem Browser JavaScript aktiviert ist.<\/div><\/noscript>\n\n\t\t\t<div class=\"gwolle_gb_submit gwolle-gb-submit\">\n\t\t\t\t<div class=\"label gwolle-gb-invisible text-muted\">&nbsp;<\/div>\n\t\t\t\t<div class=\"input\">\n\t\t\t\t\t<input type=\"submit\" name=\"gwolle_gb_submit\" class=\"gwolle_gb_submit button btn btn-primary \" value=\"Absenden\" \/>\n\t\t\t\t\t<span class=\"gwolle_gb_submit_ajax_icon gwolle-gb-submit-ajax-icon\"><\/span>\n\t\t\t\n\t\t\t\t<\/div>\n\t\t\t\t<div class=\"clearBoth\">&nbsp;<\/div>\n\t\t\t<\/div>\n\n\t\t\t<div class=\"gwolle_gb_notice gwolle-gb-notice\">\n\t\t\t\tMit * gekennzeichnete Felder sind Pflichtfelder.<br \/>\r\nIhre E-Mail-Adresse wird nicht ver\u00f6ffentlicht.<br \/>\r\nAus Sicherheitsgr\u00fcnden speichern wir die IP-Adresse 216.73.216.21.<br \/>\r\nEs k\u00f6nnte sein, dass Ihr Eintrag im G\u00e4stebuch erst sichtbar ist, nachdem wir ihn gepr\u00fcft haben.<br \/>\r\nWir behalten uns das Recht vor, Eintr\u00e4ge zu bearbeiten, zu l\u00f6schen oder Eintr\u00e4ge nicht zu ver\u00f6ffentlichen.\n\t\t\t<\/div><\/form><div class=\"gwolle-gb-read gwolle-gb-ajax gwolle-gb-entries-list\" data-book_id=\"1\" data-page_id=\"1\">\n\t\t<div id=\"gwolle-gb-total\" class=\"gwolle-gb-total\">1 Eintrag<\/div><!-- Gwolle-GB Entry: Default Template Loaded -->\n\t\t\t\t<div class=\"gb-entry gb-entry_2 gb-entry-count_1 gwolle-gb-uneven gwolle-gb-first\" id=\"gb-entry_2\" data-entry_id=\"2\">\n\t\t\t\t<article>\n\t\t\t\t\t<div class=\"gb-author-info\">\n\t\t\t\t\t\t<span class=\"gb-author-avatar\"><img referrerpolicy=\"no-referrer\" alt='1. W\u00fcrzburger Fischer Verein' src='https:\/\/secure.gravatar.com\/avatar\/738b2242d98a554770e30fa2f42bf6f271280c2521abc05a6de09a641fdb134e?s=32&#038;d=wavatar&#038;r=pg' srcset='https:\/\/secure.gravatar.com\/avatar\/738b2242d98a554770e30fa2f42bf6f271280c2521abc05a6de09a641fdb134e?s=64&#038;d=wavatar&#038;r=pg 2x' class='avatar avatar-32 photo' height='32' width='32' \/><\/span>\n\t\t\t\t\t\t<span class=\"gb-author-name\"><a href=\"http:\/\/www.1.wuerzburger-fischereinverein.de\" target=\"_blank\" rel=\"nofollow noopener noreferrer\"\n\t\t\t\t\t\t\ttitle=\"Besuche die Website von 1. W\u00fcrzburger Fischer Verein: http:\/\/www.1.wuerzburger-fischereinverein.de\">1. W\u00fcrzburger Fischer Verein<\/a>\n\t\t\t\t\t\t<\/span>\n\t\t\t\t\t\t<span class=\"gb-author-origin\">\n\t\t\t\t\t\t\t<span class=\"gb-author-origin-from-text\"> aus<\/span>\n\t\t\t\t\t\t\t<span class=\"gb-author-origin-text\"> W\u00fcrzburg<\/span>\n\t\t\t\t\t\t<\/span>\n\t\t\t\t\t\t<span class=\"gb-datetime\">\n\t\t\t\t\t\t\t<span class=\"gb-date\"><span class=\"gb-date-wrote-text\"> schrieb am<\/span><span class=\"gb-date-text\"> 31. Januar 2016<\/span>\n\t\t\t\t\t\t\t<\/span><span class=\"gb-time\">\n\t\t\t\t\t\t\t\t\t<span class=\"gb-time-at-text\"> um<\/span>\n\t\t\t\t\t\t\t\t\t<span class=\"gb-time-text\"> 16:25<\/span>\n\t\t\t\t\t\t\t\t<\/span>\n\t\t\t\t\t\t<\/span> \n\t\t\t\t\t<\/div>\n\t\t\t\t\t<div class=\"gb-entry-content\">Das ist der erste Eintrag in unserem neuen G\u00e4stebuch. Wie soll es auch anders sein, diesen Eintrag haben wir selbst verfasst, aber falls Du Lust hast uns eine Nachricht zu hinterlassen, dann schreib einfach den zweiten... ?\n\t\t\t\t\t<\/div>\n\t\t\t\t<\/article>\n\t\t\t<\/div>\n\t\t\t<\/div><\/div>\n","protected":false},"excerpt":{"rendered":"","protected":false},"author":1,"featured_media":0,"parent":0,"menu_order":0,"comment_status":"closed","ping_status":"closed","template":"","meta":{"_aioseo_title":"","_aioseo_description":"","_bbp_topic_count":0,"_bbp_reply_count":0,"_bbp_total_topic_count":0,"_bbp_total_reply_count":0,"_bbp_voice_count":0,"_bbp_anonymous_reply_count":0,"_bbp_topic_count_hidden":0,"_bbp_reply_count_hidden":0,"_bbp_forum_subforum_count":0,"ngg_post_thumbnail":0,"footnotes":""},"class_list":["post-681","page","type-page","status-publish"],"_links":{"self":[{"href":"https:\/\/www.1.wuerzburger-fischerverein.de\/home\/wp-json\/wp\/v2\/pages\/681","targetHints":{"allow":["GET"]}}],"collection":[{"href":"https:\/\/www.1.wuerzburger-fischerverein.de\/home\/wp-json\/wp\/v2\/pages"}],"about":[{"href":"https:\/\/www.1.wuerzburger-fischerverein.de\/home\/wp-json\/wp\/v2\/types\/page"}],"author":[{"embeddable":true,"href":"https:\/\/www.1.wuerzburger-fischerverein.de\/home\/wp-json\/wp\/v2\/users\/1"}],"replies":[{"embeddable":true,"href":"https:\/\/www.1.wuerzburger-fischerverein.de\/home\/wp-json\/wp\/v2\/comments?post=681"}],"version-history":[{"count":0,"href":"https:\/\/www.1.wuerzburger-fischerverein.de\/home\/wp-json\/wp\/v2\/pages\/681\/revisions"}],"wp:attachment":[{"href":"https:\/\/www.1.wuerzburger-fischerverein.de\/home\/wp-json\/wp\/v2\/media?parent=681"}],"curies":[{"name":"wp","href":"https:\/\/api.w.org\/{rel}","templated":true}]}}