{"id":4878,"date":"2021-03-04T14:12:40","date_gmt":"2021-03-04T13:12:40","guid":{"rendered":"https:\/\/www.1.wuerzburger-fischerverein.de\/home\/?page_id=4878"},"modified":"2026-01-27T12:46:06","modified_gmt":"2026-01-27T11:46:06","slug":"termine-aktuell","status":"publish","type":"page","link":"https:\/\/www.1.wuerzburger-fischerverein.de\/home\/termine-aktuell\/","title":{"rendered":"Termine aktuell"},"content":{"rendered":"\n<p class=\"has-text-align-left\">Alle zuk\u00fcnftigen Termine in der Gesamt\u00fcbersicht.<\/p>\n\n\n\n<p class=\"has-text-align-left\"><div class=\"spiffy page-upcoming-events spiffy-list-Columns\"><ul class=\"spiffy upcoming-events-list\"><li class=\"spiffy-event-details spiffy-Columns spiffy-num3\"><span class=\"spiffy-column-event category_67 spiffy-clearfix spiffy-eventid-86841\"><span class=\"spiffy-title-meta spiffy-clearfix\" style=\"border-bottom: solid 4px #027342;\"><span class=\"spiffy-column-date\"><span class=\"spiffy-column-day-begin\">26<\/span><span class=\"spiffy-column-month-begin\">Apr.<\/span><\/span><span class=\"spiffy-title\">Anangeln<\/span><\/span><span class=\"spiffy-desc\"><span class=\"ca-desc-p\">Gemeinsames Angeln mit Verk\u00f6stigung. Anmeldung erforderlich. Treffpunkt See 2 an der Fischerh\u00fctte.<\/span>\n<\/span><span class=\"spiffy-meta\"><span class=\"spiffy-location\"><span class=\"ca-location-p\">Marktbreit<\/span>\n<\/span><span class=\"spiffy-time\">8:00 - 14:00<\/span><a class=\"spiffy-google-calendar-link\" href=\"https:\/\/www.google.com\/calendar\/render?\r\n\t\t\t\t\t\t\t\taction=TEMPLATE\r\n\t\t\t\t\t\t\t\t&text=Anangeln\r\n\t\t\t\t\t\t\t\t&dates=20260426T080000\/20260426T140000\r\n\t\t\t\t\t\t\t\t&details=Gemeinsames%20Angeln%20mit%20Verk%C3%B6stigung.%20Anmeldung%20erforderlich.%20Treffpunkt%20See%202%20an%20der%20Fischerh%C3%BCtte.\r\n\t\t\t\t\t\t\t\t&location=Marktbreit\r\n\t\t\t\t\t\t\t\t&trp=false\"\r\n\t\t\t\t\t\t\t\ttarget=\"_blank\" rel=\"nofollow\">+ Google calendar<\/a><\/span><\/span><\/li><li class=\"spiffy-event-details spiffy-Columns spiffy-num3\"><span class=\"spiffy-column-event category_64 spiffy-clearfix spiffy-eventid-86842\"><span class=\"spiffy-title-meta spiffy-clearfix\" style=\"border-bottom: solid 4px #eb6436;\"><span class=\"spiffy-column-date\"><span class=\"spiffy-column-day-begin\">13<\/span><span class=\"spiffy-column-month-begin\">Juni<\/span><\/span><span class=\"spiffy-title\">Arbeitsdienst<\/span><\/span><span class=\"spiffy-desc\"><span class=\"ca-desc-p\">Pflege der Vereinsgew\u00e4sser. Treffpunkt Fischerh\u00fctte See 2<\/span>\n<\/span><span class=\"spiffy-meta\"><span class=\"spiffy-location\"><span class=\"ca-location-p\">Marktbreit<\/span>\n<\/span><span class=\"spiffy-time\">7:00 - 13:00<\/span><a class=\"spiffy-google-calendar-link\" href=\"https:\/\/www.google.com\/calendar\/render?\r\n\t\t\t\t\t\t\t\taction=TEMPLATE\r\n\t\t\t\t\t\t\t\t&text=Arbeitsdienst\r\n\t\t\t\t\t\t\t\t&dates=20260613T070000\/20260613T130000\r\n\t\t\t\t\t\t\t\t&details=Pflege%20der%20Vereinsgew%C3%A4sser.%20Treffpunkt%20Fischerh%C3%BCtte%20See%202\r\n\t\t\t\t\t\t\t\t&location=Marktbreit\r\n\t\t\t\t\t\t\t\t&trp=false\"\r\n\t\t\t\t\t\t\t\ttarget=\"_blank\" rel=\"nofollow\">+ Google calendar<\/a><\/span><\/span><\/li><li class=\"spiffy-event-details spiffy-Columns spiffy-num3\"><span class=\"spiffy-column-event category_65 spiffy-clearfix spiffy-eventid-86850\"><span class=\"spiffy-title-meta spiffy-clearfix\" style=\"border-bottom: solid 4px #f2050d;\"><span class=\"spiffy-column-date\"><span class=\"spiffy-column-day-begin\">20<\/span><span class=\"spiffy-column-month-begin\">Juni<\/span><\/span><span class=\"spiffy-title\">Seefest Familie &amp; Freunde<\/span><\/span><span class=\"spiffy-desc\"><span class=\"ca-desc-p\">Details folgen...<\/span>\n<\/span><span class=\"spiffy-meta\"><span class=\"spiffy-location\"><span class=\"ca-location-p\">folgt...<\/span>\n<\/span><a class=\"spiffy-google-calendar-link\" href=\"https:\/\/www.google.com\/calendar\/render?\r\n\t\t\t\t\t\t\t\taction=TEMPLATE\r\n\t\t\t\t\t\t\t\t&text=Seefest%20Familie%20%26%20Freunde\r\n\t\t\t\t\t\t\t\t&dates=20260620\/20260621\r\n\t\t\t\t\t\t\t\t&details=Details%20folgen...\r\n\t\t\t\t\t\t\t\t&location=folgt...\r\n\t\t\t\t\t\t\t\t&trp=false\"\r\n\t\t\t\t\t\t\t\ttarget=\"_blank\" rel=\"nofollow\">+ Google calendar<\/a><\/span><\/span><\/li><li class=\"spiffy-event-details spiffy-Columns spiffy-num3\"><span class=\"spiffy-column-event category_66 spiffy-clearfix spiffy-eventid-86843\"><span class=\"spiffy-title-meta spiffy-clearfix\" style=\"border-bottom: solid 4px #517ed6;\"><span class=\"spiffy-column-date\"><span class=\"spiffy-column-day-begin\">23<\/span><span class=\"spiffy-column-month-begin\">Juli<\/span><\/span><span class=\"spiffy-title\">Versammlung<\/span><\/span><span class=\"spiffy-desc\"><\/span><span class=\"spiffy-meta\"><span class=\"spiffy-location\"><span class=\"ca-location-p\">Gastst\u00e4tte zur Herieden<br \/>\nHeriedenweg 5<br \/>\n97084 W\u00fcrzburg<\/span>\n<span class=\"ca-location-p\"><a href=\"https:\/\/maps.google.com\/?q=Gastst%C3%A4tte%20zur%20Herieden%0AHeriedenweg%205%0A97084%20W%C3%BCrzburg\" target=\"_blank\">Karte<\/a><\/span><\/span><span class=\"spiffy-time\">19:00 - 21:00<\/span><a class=\"spiffy-google-calendar-link\" href=\"https:\/\/www.google.com\/calendar\/render?\r\n\t\t\t\t\t\t\t\taction=TEMPLATE\r\n\t\t\t\t\t\t\t\t&text=Versammlung\r\n\t\t\t\t\t\t\t\t&dates=20260723T190000\/20260723T210000\r\n\t\t\t\t\t\t\t\t&details=\r\n\t\t\t\t\t\t\t\t&location=Gastst%C3%A4tte%20zur%20Herieden%0AHeriedenweg%205%0A97084%20W%C3%BCrzburg\r\n\t\t\t\t\t\t\t\t&trp=false\"\r\n\t\t\t\t\t\t\t\ttarget=\"_blank\" rel=\"nofollow\">+ Google calendar<\/a><\/span><\/span><\/li><li class=\"spiffy-event-details spiffy-Columns spiffy-num3\"><span class=\"spiffy-column-event category_64 spiffy-clearfix spiffy-eventid-86844\"><span class=\"spiffy-title-meta spiffy-clearfix\" style=\"border-bottom: solid 4px #eb6436;\"><span class=\"spiffy-column-date\"><span class=\"spiffy-column-day-begin\">12<\/span><span class=\"spiffy-column-month-begin\">Sep.<\/span><\/span><span class=\"spiffy-title\">Arbeitsdienst<\/span><\/span><span class=\"spiffy-desc\"><span class=\"ca-desc-p\">Pflege der Vereinsgew\u00e4sser. Treffpunkt Fischerh\u00fctte See 2<\/span>\n<\/span><span class=\"spiffy-meta\"><span class=\"spiffy-location\"><span class=\"ca-location-p\">Marktbreit<\/span>\n<\/span><span class=\"spiffy-time\">7:00 - 13:00<\/span><a class=\"spiffy-google-calendar-link\" href=\"https:\/\/www.google.com\/calendar\/render?\r\n\t\t\t\t\t\t\t\taction=TEMPLATE\r\n\t\t\t\t\t\t\t\t&text=Arbeitsdienst\r\n\t\t\t\t\t\t\t\t&dates=20260912T070000\/20260912T130000\r\n\t\t\t\t\t\t\t\t&details=Pflege%20der%20Vereinsgew%C3%A4sser.%20Treffpunkt%20Fischerh%C3%BCtte%20See%202\r\n\t\t\t\t\t\t\t\t&location=Marktbreit\r\n\t\t\t\t\t\t\t\t&trp=false\"\r\n\t\t\t\t\t\t\t\ttarget=\"_blank\" rel=\"nofollow\">+ Google calendar<\/a><\/span><\/span><\/li><li class=\"spiffy-event-details spiffy-Columns spiffy-num3\"><span class=\"spiffy-column-event category_67 spiffy-clearfix spiffy-eventid-86845\"><span class=\"spiffy-title-meta spiffy-clearfix\" style=\"border-bottom: solid 4px #027342;\"><span class=\"spiffy-column-date\"><span class=\"spiffy-column-day-begin\">20<\/span><span class=\"spiffy-column-month-begin\">Sep.<\/span><\/span><span class=\"spiffy-title\">K\u00f6nigsangeln<\/span><\/span><span class=\"spiffy-desc\"><span class=\"ca-desc-p\">Gemeinsames Angeln mit Verk\u00f6stigung. Pl\u00e4tze werden ausgelost. Anmeldung erforderlich. Treffpunkt See 2 an der Fischerh\u00fctte.<\/span>\n<\/span><span class=\"spiffy-meta\"><span class=\"spiffy-location\"><\/span><span class=\"spiffy-time\">8:00 - 14:00<\/span><a class=\"spiffy-google-calendar-link\" href=\"https:\/\/www.google.com\/calendar\/render?\r\n\t\t\t\t\t\t\t\taction=TEMPLATE\r\n\t\t\t\t\t\t\t\t&text=K%C3%B6nigsangeln\r\n\t\t\t\t\t\t\t\t&dates=20260920T080000\/20260920T140000\r\n\t\t\t\t\t\t\t\t&details=Gemeinsames%20Angeln%20mit%20Verk%C3%B6stigung.%20Pl%C3%A4tze%20werden%20ausgelost.%20Anmeldung%20erforderlich.%20Treffpunkt%20See%202%20an%20der%20Fischerh%C3%BCtte.\r\n\t\t\t\t\t\t\t\t&location=\r\n\t\t\t\t\t\t\t\t&trp=false\"\r\n\t\t\t\t\t\t\t\ttarget=\"_blank\" rel=\"nofollow\">+ Google calendar<\/a><\/span><\/span><\/li><li class=\"spiffy-event-details spiffy-Columns spiffy-num3\"><span class=\"spiffy-column-event category_66 spiffy-clearfix spiffy-eventid-86846\"><span class=\"spiffy-title-meta spiffy-clearfix\" style=\"border-bottom: solid 4px #517ed6;\"><span class=\"spiffy-column-date\"><span class=\"spiffy-column-day-begin\">15<\/span><span class=\"spiffy-column-month-begin\">Okt.<\/span><\/span><span class=\"spiffy-title\">Versammlung<\/span><\/span><span class=\"spiffy-desc\"><\/span><span class=\"spiffy-meta\"><span class=\"spiffy-location\"><span class=\"ca-location-p\">Gastst\u00e4tte zur Herieden<br \/>\nHeriedenweg 5<br \/>\n97084 W\u00fcrzburg<\/span>\n<span class=\"ca-location-p\"><a href=\"https:\/\/maps.google.com\/?q=Gastst%C3%A4tte%20zur%20Herieden%0AHeriedenweg%205%0A97084%20W%C3%BCrzburg\" target=\"_blank\">Karte<\/a><\/span><\/span><span class=\"spiffy-time\">19:00 - 21:00<\/span><a class=\"spiffy-google-calendar-link\" href=\"https:\/\/www.google.com\/calendar\/render?\r\n\t\t\t\t\t\t\t\taction=TEMPLATE\r\n\t\t\t\t\t\t\t\t&text=Versammlung\r\n\t\t\t\t\t\t\t\t&dates=20261015T190000\/20261015T210000\r\n\t\t\t\t\t\t\t\t&details=\r\n\t\t\t\t\t\t\t\t&location=Gastst%C3%A4tte%20zur%20Herieden%0AHeriedenweg%205%0A97084%20W%C3%BCrzburg\r\n\t\t\t\t\t\t\t\t&trp=false\"\r\n\t\t\t\t\t\t\t\ttarget=\"_blank\" rel=\"nofollow\">+ Google calendar<\/a><\/span><\/span><\/li><li class=\"spiffy-event-details spiffy-Columns spiffy-num3\"><span class=\"spiffy-column-event category_67 spiffy-clearfix spiffy-eventid-86847\"><span class=\"spiffy-title-meta spiffy-clearfix\" style=\"border-bottom: solid 4px #027342;\"><span class=\"spiffy-column-date\"><span class=\"spiffy-column-day-begin\">25<\/span><span class=\"spiffy-column-month-begin\">Okt.<\/span><\/span><span class=\"spiffy-title\">Abangeln<\/span><\/span><span class=\"spiffy-desc\"><span class=\"ca-desc-p\">Gemeinsames Angeln mit Verk\u00f6stigung. Anmeldung erforderlich. Treffpunkt See 2 an der Fischerh\u00fctte.<\/span>\n<\/span><span class=\"spiffy-meta\"><span class=\"spiffy-location\"><span class=\"ca-location-p\">Marktbreit<\/span>\n<\/span><span class=\"spiffy-time\">8:00 - 14:00<\/span><a class=\"spiffy-google-calendar-link\" href=\"https:\/\/www.google.com\/calendar\/render?\r\n\t\t\t\t\t\t\t\taction=TEMPLATE\r\n\t\t\t\t\t\t\t\t&text=Abangeln\r\n\t\t\t\t\t\t\t\t&dates=20261025T080000\/20261025T140000\r\n\t\t\t\t\t\t\t\t&details=Gemeinsames%20Angeln%20mit%20Verk%C3%B6stigung.%20Anmeldung%20erforderlich.%20Treffpunkt%20See%202%20an%20der%20Fischerh%C3%BCtte.\r\n\t\t\t\t\t\t\t\t&location=Marktbreit\r\n\t\t\t\t\t\t\t\t&trp=false\"\r\n\t\t\t\t\t\t\t\ttarget=\"_blank\" rel=\"nofollow\">+ Google calendar<\/a><\/span><\/span><\/li><li class=\"spiffy-event-details spiffy-Columns spiffy-num3\"><span class=\"spiffy-column-event category_64 spiffy-clearfix spiffy-eventid-86848\"><span class=\"spiffy-title-meta spiffy-clearfix\" style=\"border-bottom: solid 4px #eb6436;\"><span class=\"spiffy-column-date\"><span class=\"spiffy-column-day-begin\">14<\/span><span class=\"spiffy-column-month-begin\">Nov.<\/span><\/span><span class=\"spiffy-title\">Arbeitsdienst<\/span><\/span><span class=\"spiffy-desc\"><span class=\"ca-desc-p\">Pflege der Vereinsgew\u00e4sser. Treffpunkt Fischerh\u00fctte See 2<\/span>\n<\/span><span class=\"spiffy-meta\"><span class=\"spiffy-location\"><span class=\"ca-location-p\">Marktbreit<\/span>\n<\/span><span class=\"spiffy-time\">8:00 - 13:00<\/span><a class=\"spiffy-google-calendar-link\" href=\"https:\/\/www.google.com\/calendar\/render?\r\n\t\t\t\t\t\t\t\taction=TEMPLATE\r\n\t\t\t\t\t\t\t\t&text=Arbeitsdienst\r\n\t\t\t\t\t\t\t\t&dates=20261114T080000\/20261114T130000\r\n\t\t\t\t\t\t\t\t&details=Pflege%20der%20Vereinsgew%C3%A4sser.%20Treffpunkt%20Fischerh%C3%BCtte%20See%202\r\n\t\t\t\t\t\t\t\t&location=Marktbreit\r\n\t\t\t\t\t\t\t\t&trp=false\"\r\n\t\t\t\t\t\t\t\ttarget=\"_blank\" rel=\"nofollow\">+ Google calendar<\/a><\/span><\/span><\/li><li class=\"spiffy-event-details spiffy-Columns spiffy-num3\"><span class=\"spiffy-column-event category_65 spiffy-clearfix spiffy-eventid-86851\"><span class=\"spiffy-title-meta spiffy-clearfix\" style=\"border-bottom: solid 4px #f2050d;\"><span class=\"spiffy-column-date\"><span class=\"spiffy-column-day-begin\">29<\/span><span class=\"spiffy-column-month-begin\">Nov.<\/span><\/span><span class=\"spiffy-title\">Weihnachtstreff<\/span><\/span><span class=\"spiffy-desc\"><span class=\"ca-desc-p\">Gem\u00fctliches Treffen bei Gl\u00fchwein, Grillgut und Feuer. Treffpunkt See 2 an der Fischerh\u00fctte.<\/span>\n<span class=\"ca-desc-p\">Details folgen...<\/span>\n<\/span><span class=\"spiffy-meta\"><span class=\"spiffy-location\"><span class=\"ca-location-p\">Marktbreit<\/span>\n<\/span><span class=\"spiffy-time\">14:30 - 19:00<\/span><a class=\"spiffy-google-calendar-link\" href=\"https:\/\/www.google.com\/calendar\/render?\r\n\t\t\t\t\t\t\t\taction=TEMPLATE\r\n\t\t\t\t\t\t\t\t&text=Weihnachtstreff\r\n\t\t\t\t\t\t\t\t&dates=20261129T143000\/20261129T190000\r\n\t\t\t\t\t\t\t\t&details=Gem%C3%BCtliches%20Treffen%20bei%20Gl%C3%BChwein%2C%20Grillgut%20und%20Feuer.%20Treffpunkt%20See%202%20an%20der%20Fischerh%C3%BCtte.%20Details%20folgen...\r\n\t\t\t\t\t\t\t\t&location=Marktbreit\r\n\t\t\t\t\t\t\t\t&trp=false\"\r\n\t\t\t\t\t\t\t\ttarget=\"_blank\" rel=\"nofollow\">+ Google calendar<\/a><\/span><\/span><\/li><li class=\"spiffy-event-details spiffy-Columns spiffy-num3\"><span class=\"spiffy-column-event category_66 spiffy-clearfix spiffy-eventid-86849\"><span class=\"spiffy-title-meta spiffy-clearfix\" style=\"border-bottom: solid 4px #517ed6;\"><span class=\"spiffy-column-date\"><span class=\"spiffy-column-day-begin\">21<\/span><span class=\"spiffy-column-month-begin\">Jan.<\/span><\/span><span class=\"spiffy-title\">Jahreshauptversammlung<\/span><\/span><span class=\"spiffy-desc\"><span class=\"ca-desc-p\">Angelscheinausgabe<\/span>\n<\/span><span class=\"spiffy-meta\"><span class=\"spiffy-location\"><span class=\"ca-location-p\">Gastst\u00e4tte Zur Herieden (SV Hedingsfeld)<br \/>\nHeriedenweg 5, 97084 W\u00fcrzburg<\/span>\n<span class=\"ca-location-p\"><a href=\"https:\/\/maps.google.com\/?q=Gastst%C3%A4tte%20Zur%20Herieden%20%28SV%20Hedingsfeld%29%0AHeriedenweg%205%2C%2097084%20W%C3%BCrzburg%0A\" target=\"_blank\">Karte<\/a><\/span><\/span><span class=\"spiffy-time\">19:00 - 21:00<\/span><a class=\"spiffy-google-calendar-link\" href=\"https:\/\/www.google.com\/calendar\/render?\r\n\t\t\t\t\t\t\t\taction=TEMPLATE\r\n\t\t\t\t\t\t\t\t&text=Jahreshauptversammlung\r\n\t\t\t\t\t\t\t\t&dates=20270121T190000\/20270121T210000\r\n\t\t\t\t\t\t\t\t&details=Angelscheinausgabe\r\n\t\t\t\t\t\t\t\t&location=Gastst%C3%A4tte%20Zur%20Herieden%20%28SV%20Hedingsfeld%29%0AHeriedenweg%205%2C%2097084%20W%C3%BCrzburg%0A\r\n\t\t\t\t\t\t\t\t&trp=false\"\r\n\t\t\t\t\t\t\t\ttarget=\"_blank\" rel=\"nofollow\">+ Google calendar<\/a><\/span><\/span><\/li><\/ul><\/div><\/p>\n","protected":false},"excerpt":{"rendered":"<p>Unsere aktuellen Termine<\/p>\n","protected":false},"author":1,"featured_media":0,"parent":0,"menu_order":0,"comment_status":"closed","ping_status":"closed","template":"","meta":{"_aioseo_title":"","_aioseo_description":"Unsere aktuellen Termine","_bbp_topic_count":0,"_bbp_reply_count":0,"_bbp_total_topic_count":0,"_bbp_total_reply_count":0,"_bbp_voice_count":0,"_bbp_anonymous_reply_count":0,"_bbp_topic_count_hidden":0,"_bbp_reply_count_hidden":0,"_bbp_forum_subforum_count":0,"ngg_post_thumbnail":0,"footnotes":""},"class_list":["post-4878","page","type-page","status-publish"],"_links":{"self":[{"href":"https:\/\/www.1.wuerzburger-fischerverein.de\/home\/wp-json\/wp\/v2\/pages\/4878","targetHints":{"allow":["GET"]}}],"collection":[{"href":"https:\/\/www.1.wuerzburger-fischerverein.de\/home\/wp-json\/wp\/v2\/pages"}],"about":[{"href":"https:\/\/www.1.wuerzburger-fischerverein.de\/home\/wp-json\/wp\/v2\/types\/page"}],"author":[{"embeddable":true,"href":"https:\/\/www.1.wuerzburger-fischerverein.de\/home\/wp-json\/wp\/v2\/users\/1"}],"replies":[{"embeddable":true,"href":"https:\/\/www.1.wuerzburger-fischerverein.de\/home\/wp-json\/wp\/v2\/comments?post=4878"}],"version-history":[{"count":4,"href":"https:\/\/www.1.wuerzburger-fischerverein.de\/home\/wp-json\/wp\/v2\/pages\/4878\/revisions"}],"predecessor-version":[{"id":86855,"href":"https:\/\/www.1.wuerzburger-fischerverein.de\/home\/wp-json\/wp\/v2\/pages\/4878\/revisions\/86855"}],"wp:attachment":[{"href":"https:\/\/www.1.wuerzburger-fischerverein.de\/home\/wp-json\/wp\/v2\/media?parent=4878"}],"curies":[{"name":"wp","href":"https:\/\/api.w.org\/{rel}","templated":true}]}}