{"id":4,"date":"2014-04-12T02:13:41","date_gmt":"2014-04-12T00:13:41","guid":{"rendered":"http:\/\/www.1.wuerzburger-fischerverein.de\/home\/?page_id=4"},"modified":"2014-09-23T19:07:48","modified_gmt":"2014-09-23T17:07:48","slug":"verein","status":"publish","type":"page","link":"https:\/\/www.1.wuerzburger-fischerverein.de\/home\/verein\/","title":{"rendered":"\u00dcber uns"},"content":{"rendered":"<p>Wir sind der 1. W\u00fcrzburger Fischerverein mit Mitgliedern aus der Umgebung von W\u00fcrzburg. Gegr\u00fcndet wurden wir urspr\u00fcnglich 1988 als Unterabteilung des W\u00fcrzburger Sportvereins ETSV. Seit 1998 sind wir nun eigenst\u00e4ndig und haben unsere Angelseen in Marktbreit.<\/p>\n<p>Wir haben eine \u00fcberschaubare Anzahl an Mitgliedern die gerne an unseren Vereinsaktivit\u00e4ten wie An- und Abangeln, K\u00f6nigsfischen, Fischerfest, Nachtangeln, Versammlungen usw. teilnehmen. Unsere Seen sind f\u00fcr unsere Mitglieder jederzeit freizug\u00e4nglich und mit \u00fcblichen Auflagen befischbar. Zu den \u00fcblichen Auflagen geh\u00f6ren u.a. die bayerischen Schon- und Mindestma\u00dfe, aber auch wie zum Beispiel eine vereinsinterne gro\u00dfz\u00fcgige Fangbegrenzung von Raub- und Friedfisch pro Jahr je Mitglied und See.<\/p>\n<p>Unsere Seen werden von unseren Mitglieder gehegt und gepflegt. Beim regelm\u00e4ssigen Arbeitsdiensten werden u.a. die Ufer gem\u00e4ht, Pflanzen geschnitten, Angelst\u00e4nde und bestehende Wege ausgebaut. Jedes Jahr werden alle Seen mit ausreichenden Fischbesatz versorgt, damit die Fischbest\u00e4nde gut nachwachsen k\u00f6nnen. In unserem See 1 werden jedes Jahr rechtzeitig zum Abangeln fangf\u00e4hige Forellen eingesetzt, um unseren Mitglieder auch das Fangen von Salmoniden zu erm\u00f6glichen.<\/p>\n<p style=\"padding-left: 30px;\"><img loading=\"lazy\" decoding=\"async\" class=\"alignnone wp-image-367 size-full\" src=\"https:\/\/www.1.wuerzburger-fischerverein.de\/home\/wp-content\/uploads\/2014\/09\/Angeln125.jpg\" alt=\"Angeln\" width=\"125\" height=\"125\" \/>\u00a0\u00a0 <img loading=\"lazy\" decoding=\"async\" class=\"alignnone wp-image-368\" src=\"https:\/\/www.1.wuerzburger-fischerverein.de\/home\/wp-content\/uploads\/2014\/09\/Karpfen2_125.jpg\" alt=\"Karpfen\" width=\"125\" height=\"125\" \/>\u00a0\u00a0 <img loading=\"lazy\" decoding=\"async\" class=\"alignnone wp-image-366 size-full\" src=\"https:\/\/www.1.wuerzburger-fischerverein.de\/home\/wp-content\/uploads\/2014\/09\/angeln_nacht125.jpg\" alt=\"angeln_nacht\" width=\"125\" height=\"125\" \/>\u00a0\u00a0 <img loading=\"lazy\" decoding=\"async\" class=\"alignnone wp-image-369 size-full\" src=\"https:\/\/www.1.wuerzburger-fischerverein.de\/home\/wp-content\/uploads\/2014\/09\/Karpfen125.jpg\" alt=\"Karpfen\" width=\"125\" height=\"125\" \/><\/p>\n","protected":false},"excerpt":{"rendered":"<p>Wir sind der 1. W\u00fcrzburger Fischerverein mit Mitgliedern aus der Umgebung von W\u00fcrzburg. Gegr\u00fcndet wurden wir urspr\u00fcnglich 1988 als Unterabteilung des W\u00fcrzburger Sportvereins ETSV. Seit 1998 sind wir nun eigenst\u00e4ndig und haben unsere Angelseen in Marktbreit. Wir haben eine \u00fcberschaubare Anzahl an Mitgliedern die gerne an unseren Vereinsaktivit\u00e4ten wie An- und Abangeln, K\u00f6nigsfischen, Fischerfest, Nachtangeln,&#8230;<\/p>\n<p class=\"more-link\"><a href=\"https:\/\/www.1.wuerzburger-fischerverein.de\/home\/verein\/\" class=\"themebutton3\">Read More<\/a><\/p>\n","protected":false},"author":1,"featured_media":0,"parent":0,"menu_order":0,"comment_status":"closed","ping_status":"closed","template":"","meta":{"_aioseo_title":"","_aioseo_description":"","_bbp_topic_count":0,"_bbp_reply_count":0,"_bbp_total_topic_count":0,"_bbp_total_reply_count":0,"_bbp_voice_count":0,"_bbp_anonymous_reply_count":0,"_bbp_topic_count_hidden":0,"_bbp_reply_count_hidden":0,"_bbp_forum_subforum_count":0,"ngg_post_thumbnail":0,"footnotes":""},"class_list":["post-4","page","type-page","status-publish"],"_links":{"self":[{"href":"https:\/\/www.1.wuerzburger-fischerverein.de\/home\/wp-json\/wp\/v2\/pages\/4","targetHints":{"allow":["GET"]}}],"collection":[{"href":"https:\/\/www.1.wuerzburger-fischerverein.de\/home\/wp-json\/wp\/v2\/pages"}],"about":[{"href":"https:\/\/www.1.wuerzburger-fischerverein.de\/home\/wp-json\/wp\/v2\/types\/page"}],"author":[{"embeddable":true,"href":"https:\/\/www.1.wuerzburger-fischerverein.de\/home\/wp-json\/wp\/v2\/users\/1"}],"replies":[{"embeddable":true,"href":"https:\/\/www.1.wuerzburger-fischerverein.de\/home\/wp-json\/wp\/v2\/comments?post=4"}],"version-history":[{"count":0,"href":"https:\/\/www.1.wuerzburger-fischerverein.de\/home\/wp-json\/wp\/v2\/pages\/4\/revisions"}],"wp:attachment":[{"href":"https:\/\/www.1.wuerzburger-fischerverein.de\/home\/wp-json\/wp\/v2\/media?parent=4"}],"curies":[{"name":"wp","href":"https:\/\/api.w.org\/{rel}","templated":true}]}}