{"id":373,"date":"2014-09-13T22:35:58","date_gmt":"2014-09-13T20:35:58","guid":{"rendered":"http:\/\/www.1.wuerzburger-fischerverein.de\/home\/?page_id=373"},"modified":"2026-01-18T19:53:55","modified_gmt":"2026-01-18T18:53:55","slug":"petri-heil-herzlich-willkommen-auf-unserer-webseite","status":"publish","type":"page","link":"https:\/\/www.1.wuerzburger-fischerverein.de\/home\/","title":{"rendered":"Petri Heil! Herzlich Willkommen auf unserer Webseite"},"content":{"rendered":"<h2><strong>Petri Heil! Herzlich Willkommen auf unserer Webseite<\/strong><\/h2>\n<p>Hallo liebe Angler, Anglerfreunde, Interessierte oder (noch) Nichtangler!<\/p>\n<p>Dies ist die Webseite des 1. W\u00fcrzburger Fischerverein e.V. Auf den folgenden Seiten m\u00f6chten wir Euch unseren Verein etwas n\u00e4her vorstellen. Neben Informationen zu unserem Verein findet Ihr auch einige Links rund um das Angeln hier in unserer Region. In unserem Forum kann man sich rund um&#8217;s Angeln austauschen.<\/p>\n<p>Wir hei\u00dfen jeden Sportfreund&nbsp;willkommen, der sich gern mit unserem Verein identifizieren m\u00f6chte. Wollt Ihr mehr wissen oder haben wir Euch neugierig gemacht?<br \/>\nSchaut einfach in unser <a title=\"Forum\" href=\"https:\/\/www.1.wuerzburger-fischerverein.de\/home\/forums\/\">Forum<\/a> oder schreibt uns direkt \u00fcber unser <a title=\"Kontakt\" href=\"https:\/\/www.1.wuerzburger-fischerverein.de\/home\/?page_id=394\">Kontaktformular<\/a>.<\/p>\n<p>Wir antworten Euch garantiert.<\/p>\n<p>Die Vorstandschaft<br \/>\n1. W\u00fcrzburger Fischerverein e.V.<\/p>\n<p style=\"padding-left: 30px;\"><img loading=\"lazy\" decoding=\"async\" class=\"alignnone wp-image-367 size-full\" src=\"https:\/\/www.1.wuerzburger-fischerverein.de\/home\/wp-content\/uploads\/2014\/09\/Angeln125.jpg\" alt=\"Angeln\" width=\"125\" height=\"125\">&nbsp;&nbsp; <img loading=\"lazy\" decoding=\"async\" class=\"alignnone wp-image-368\" src=\"https:\/\/www.1.wuerzburger-fischerverein.de\/home\/wp-content\/uploads\/2014\/09\/Karpfen2_125.jpg\" alt=\"Karpfen\" width=\"125\" height=\"125\">&nbsp;&nbsp; <img loading=\"lazy\" decoding=\"async\" class=\"alignnone wp-image-366 size-full\" src=\"https:\/\/www.1.wuerzburger-fischerverein.de\/home\/wp-content\/uploads\/2014\/09\/angeln_nacht125.jpg\" alt=\"angeln_nacht\" width=\"125\" height=\"125\">&nbsp;&nbsp; <img loading=\"lazy\" decoding=\"async\" class=\"alignnone wp-image-369 size-full\" src=\"https:\/\/www.1.wuerzburger-fischerverein.de\/home\/wp-content\/uploads\/2014\/09\/Karpfen125.jpg\" alt=\"Karpfen\" width=\"125\" height=\"125\"><\/p>\n","protected":false},"excerpt":{"rendered":"<p>Die Webseite vom 1. W\u00fcrzburger Fischerverein e.V.. Interessiert am Angeln? Neugierig was bei uns so passiert? Dann schau einfach mal vorbei&#8230;<\/p>\n","protected":false},"author":1,"featured_media":0,"parent":0,"menu_order":0,"comment_status":"closed","ping_status":"open","template":"","meta":{"_aioseo_title":"","_aioseo_description":"Die Webseite vom 1. W\u00fcrzburger Fischerverein e.V.. Interessiert am Angeln? Neugierig was bei uns so passiert? Dann schau einfach mal vorbei...","_bbp_topic_count":0,"_bbp_reply_count":0,"_bbp_total_topic_count":0,"_bbp_total_reply_count":0,"_bbp_voice_count":0,"_bbp_anonymous_reply_count":0,"_bbp_topic_count_hidden":0,"_bbp_reply_count_hidden":0,"_bbp_forum_subforum_count":0,"ngg_post_thumbnail":0,"footnotes":""},"class_list":["post-373","page","type-page","status-publish"],"_links":{"self":[{"href":"https:\/\/www.1.wuerzburger-fischerverein.de\/home\/wp-json\/wp\/v2\/pages\/373","targetHints":{"allow":["GET"]}}],"collection":[{"href":"https:\/\/www.1.wuerzburger-fischerverein.de\/home\/wp-json\/wp\/v2\/pages"}],"about":[{"href":"https:\/\/www.1.wuerzburger-fischerverein.de\/home\/wp-json\/wp\/v2\/types\/page"}],"author":[{"embeddable":true,"href":"https:\/\/www.1.wuerzburger-fischerverein.de\/home\/wp-json\/wp\/v2\/users\/1"}],"replies":[{"embeddable":true,"href":"https:\/\/www.1.wuerzburger-fischerverein.de\/home\/wp-json\/wp\/v2\/comments?post=373"}],"version-history":[{"count":4,"href":"https:\/\/www.1.wuerzburger-fischerverein.de\/home\/wp-json\/wp\/v2\/pages\/373\/revisions"}],"predecessor-version":[{"id":86824,"href":"https:\/\/www.1.wuerzburger-fischerverein.de\/home\/wp-json\/wp\/v2\/pages\/373\/revisions\/86824"}],"wp:attachment":[{"href":"https:\/\/www.1.wuerzburger-fischerverein.de\/home\/wp-json\/wp\/v2\/media?parent=373"}],"curies":[{"name":"wp","href":"https:\/\/api.w.org\/{rel}","templated":true}]}}