{"id":24,"date":"2014-04-12T02:19:38","date_gmt":"2014-04-12T00:19:38","guid":{"rendered":"http:\/\/www.1.wuerzburger-fischerverein.de\/home\/?page_id=24"},"modified":"2023-12-08T09:55:09","modified_gmt":"2023-12-08T08:55:09","slug":"gastangler","status":"publish","type":"page","link":"https:\/\/www.1.wuerzburger-fischerverein.de\/home\/gastangler\/","title":{"rendered":"Gastangler"},"content":{"rendered":"<p>Nicht-Mitglieder haben die M\u00f6glichkeit Gastangelscheine f\u00fcr jeweils einen unserer Vereinsseen gegen Vorlage des Nachweises der Fischerpr\u00fcfung k\u00e4uflich zu erwerben.<\/p>\n<p>Gast-Tageskarten f\u00fcr See 1, See 2 und See 3 erhalten Sie bei<\/p>\n<p>Ren\u00e9 D\u00f6ll, 1. Vorstand<br \/>\nE-Mail: <a href=\"mai&#108;&#116;&#111;&#58;&#x31;&#x2e;&#x76;&#x6f;&#x72;&#x73;&#x74;and&#64;&#49;&#46;&#119;&#117;&#x65;&#x72;&#x7a;&#x62;&#x75;&#x72;ger-&#102;&#105;&#115;&#99;&#x68;&#x65;&#x72;&#x76;&#x65;&#x72;ein&#46;&#100;&#101;\">&#49;&#x2e;&#x76;o&#114;&#x73;t&#97;&#x6e;&#x64;&#64;&#49;&#x2e;w&#117;&#x65;&#x72;z&#98;&#x75;r&#103;&#x65;&#x72;&#45;&#102;&#x69;s&#99;&#x68;&#x65;&#114;&#x76;&#x65;r&#101;&#x69;n&#46;&#x64;&#x65;<\/a><\/p>\n<p>Der Erlaubnisschein f\u00fcr einen Tag kostet ab 01.01.2024 15,00\u20ac.<br \/>\nDer Erlaubnisschein ist nur an dem eingetragenen Datum<br \/>\nund in Begleitung eines aktiven Vereinsmitglied g\u00fcltig.<br \/>\nGefangen werden d\u00fcrfen drei Friedfische oder ein Raubfisch<br \/>\nund zwei Friedfische pro Erlaubnisschein.<\/p>\n<p>\n<div class=\"ngg-galleryoverview ngg-slideshow\"\n\tid=\"ngg-slideshow-d5fde7d4137b846e33c0d9d1072ead1c-14838644420\"\n\tdata-gallery-id=\"d5fde7d4137b846e33c0d9d1072ead1c\"\n\tstyle=\"max-width: 600px;\n\t\t\tmax-height: 200px;\n\t\t\tdisplay: none;\">\n\n\t\n\t\t<a href=\"https:\/\/www.1.wuerzburger-fischerverein.de\/home\/wp-content\/gallery\/sonstiges\/IMG-20201019-WA0003.jpg\"\n\t\t\ttitle=\"\"\n\t\t\tdata-src=\"https:\/\/www.1.wuerzburger-fischerverein.de\/home\/wp-content\/gallery\/sonstiges\/IMG-20201019-WA0003.jpg\"\n\t\t\tdata-thumbnail=\"https:\/\/www.1.wuerzburger-fischerverein.de\/home\/wp-content\/gallery\/sonstiges\/thumbs\/thumbs_IMG-20201019-WA0003.jpg\"\n\t\t\tdata-image-id=\"501\"\n\t\t\tdata-title=\"Fischbesatz am 19.10.2020\"\n\t\t\tdata-description=\"\"\n\t\t\t\t\t\t\t\t\t\t\t\t\t\t\tclass=\"ngg-fancybox\" rel=\"d5fde7d4137b846e33c0d9d1072ead1c\">\n\t\t\t\n\t\t\t<img data-image-id='501'\n\t\t\t\ttitle=\"\"\n\t\t\t\talt=\"Fischbesatz am 19.10.2020\"\n\t\t\t\tsrc=\"https:\/\/www.1.wuerzburger-fischerverein.de\/home\/wp-content\/gallery\/sonstiges\/IMG-20201019-WA0003.jpg\"\n\t\t\t\tstyle=\"max-height: 180px;\"\/>\n\t\t<\/a>\n\n\t\t\n\t\t<a href=\"https:\/\/www.1.wuerzburger-fischerverein.de\/home\/wp-content\/gallery\/sonstiges\/IMG-20201019-WA0014.jpg\"\n\t\t\ttitle=\"\"\n\t\t\tdata-src=\"https:\/\/www.1.wuerzburger-fischerverein.de\/home\/wp-content\/gallery\/sonstiges\/IMG-20201019-WA0014.jpg\"\n\t\t\tdata-thumbnail=\"https:\/\/www.1.wuerzburger-fischerverein.de\/home\/wp-content\/gallery\/sonstiges\/thumbs\/thumbs_IMG-20201019-WA0014.jpg\"\n\t\t\tdata-image-id=\"512\"\n\t\t\tdata-title=\"Fischbesatz am 19.10.2020\"\n\t\t\tdata-description=\"\"\n\t\t\t\t\t\t\t\t\t\t\t\t\t\t\tclass=\"ngg-fancybox\" rel=\"d5fde7d4137b846e33c0d9d1072ead1c\">\n\t\t\t\n\t\t\t<img data-image-id='512'\n\t\t\t\ttitle=\"\"\n\t\t\t\talt=\"Fischbesatz am 19.10.2020\"\n\t\t\t\tsrc=\"https:\/\/www.1.wuerzburger-fischerverein.de\/home\/wp-content\/gallery\/sonstiges\/IMG-20201019-WA0014.jpg\"\n\t\t\t\tstyle=\"max-height: 180px;\"\/>\n\t\t<\/a>\n\n\t\t\n\t\t<a href=\"https:\/\/www.1.wuerzburger-fischerverein.de\/home\/wp-content\/gallery\/sonstiges\/IMG-20201019-WA0022.jpg\"\n\t\t\ttitle=\"\"\n\t\t\tdata-src=\"https:\/\/www.1.wuerzburger-fischerverein.de\/home\/wp-content\/gallery\/sonstiges\/IMG-20201019-WA0022.jpg\"\n\t\t\tdata-thumbnail=\"https:\/\/www.1.wuerzburger-fischerverein.de\/home\/wp-content\/gallery\/sonstiges\/thumbs\/thumbs_IMG-20201019-WA0022.jpg\"\n\t\t\tdata-image-id=\"519\"\n\t\t\tdata-title=\"Fischbesatz am 19.10.2020\"\n\t\t\tdata-description=\"\"\n\t\t\t\t\t\t\t\t\t\t\t\t\t\t\tclass=\"ngg-fancybox\" rel=\"d5fde7d4137b846e33c0d9d1072ead1c\">\n\t\t\t\n\t\t\t<img data-image-id='519'\n\t\t\t\ttitle=\"\"\n\t\t\t\talt=\"Fischbesatz am 19.10.2020\"\n\t\t\t\tsrc=\"https:\/\/www.1.wuerzburger-fischerverein.de\/home\/wp-content\/gallery\/sonstiges\/IMG-20201019-WA0022.jpg\"\n\t\t\t\tstyle=\"max-height: 180px;\"\/>\n\t\t<\/a>\n\n\t\t\n\t\t<a href=\"https:\/\/www.1.wuerzburger-fischerverein.de\/home\/wp-content\/gallery\/sonstiges\/IMG-20201019-WA0028.jpg\"\n\t\t\ttitle=\"\"\n\t\t\tdata-src=\"https:\/\/www.1.wuerzburger-fischerverein.de\/home\/wp-content\/gallery\/sonstiges\/IMG-20201019-WA0028.jpg\"\n\t\t\tdata-thumbnail=\"https:\/\/www.1.wuerzburger-fischerverein.de\/home\/wp-content\/gallery\/sonstiges\/thumbs\/thumbs_IMG-20201019-WA0028.jpg\"\n\t\t\tdata-image-id=\"524\"\n\t\t\tdata-title=\"Fischbesatz am 19.10.2020\"\n\t\t\tdata-description=\"\"\n\t\t\t\t\t\t\t\t\t\t\t\t\t\t\tclass=\"ngg-fancybox\" rel=\"d5fde7d4137b846e33c0d9d1072ead1c\">\n\t\t\t\n\t\t\t<img data-image-id='524'\n\t\t\t\ttitle=\"\"\n\t\t\t\talt=\"Fischbesatz am 19.10.2020\"\n\t\t\t\tsrc=\"https:\/\/www.1.wuerzburger-fischerverein.de\/home\/wp-content\/gallery\/sonstiges\/IMG-20201019-WA0028.jpg\"\n\t\t\t\tstyle=\"max-height: 180px;\"\/>\n\t\t<\/a>\n\n\t\t\n\t\t<a href=\"https:\/\/www.1.wuerzburger-fischerverein.de\/home\/wp-content\/gallery\/sonstiges\/IMG-20201019-WA0031.jpg\"\n\t\t\ttitle=\"\"\n\t\t\tdata-src=\"https:\/\/www.1.wuerzburger-fischerverein.de\/home\/wp-content\/gallery\/sonstiges\/IMG-20201019-WA0031.jpg\"\n\t\t\tdata-thumbnail=\"https:\/\/www.1.wuerzburger-fischerverein.de\/home\/wp-content\/gallery\/sonstiges\/thumbs\/thumbs_IMG-20201019-WA0031.jpg\"\n\t\t\tdata-image-id=\"527\"\n\t\t\tdata-title=\"Fischbesatz am 19.10.2020\"\n\t\t\tdata-description=\"\"\n\t\t\t\t\t\t\t\t\t\t\t\t\t\t\tclass=\"ngg-fancybox\" rel=\"d5fde7d4137b846e33c0d9d1072ead1c\">\n\t\t\t\n\t\t\t<img data-image-id='527'\n\t\t\t\ttitle=\"\"\n\t\t\t\talt=\"Fischbesatz am 19.10.2020\"\n\t\t\t\tsrc=\"https:\/\/www.1.wuerzburger-fischerverein.de\/home\/wp-content\/gallery\/sonstiges\/IMG-20201019-WA0031.jpg\"\n\t\t\t\tstyle=\"max-height: 180px;\"\/>\n\t\t<\/a>\n\n\t\t\n\t\t<a href=\"https:\/\/www.1.wuerzburger-fischerverein.de\/home\/wp-content\/gallery\/sonstiges\/IMG-20201022-WA0002.jpg\"\n\t\t\ttitle=\"\"\n\t\t\tdata-src=\"https:\/\/www.1.wuerzburger-fischerverein.de\/home\/wp-content\/gallery\/sonstiges\/IMG-20201022-WA0002.jpg\"\n\t\t\tdata-thumbnail=\"https:\/\/www.1.wuerzburger-fischerverein.de\/home\/wp-content\/gallery\/sonstiges\/thumbs\/thumbs_IMG-20201022-WA0002.jpg\"\n\t\t\tdata-image-id=\"531\"\n\t\t\tdata-title=\"Fischbesatz am 22.10.2020\"\n\t\t\tdata-description=\"\"\n\t\t\t\t\t\t\t\t\t\t\t\t\t\t\tclass=\"ngg-fancybox\" rel=\"d5fde7d4137b846e33c0d9d1072ead1c\">\n\t\t\t\n\t\t\t<img data-image-id='531'\n\t\t\t\ttitle=\"\"\n\t\t\t\talt=\"Fischbesatz am 22.10.2020\"\n\t\t\t\tsrc=\"https:\/\/www.1.wuerzburger-fischerverein.de\/home\/wp-content\/gallery\/sonstiges\/IMG-20201022-WA0002.jpg\"\n\t\t\t\tstyle=\"max-height: 180px;\"\/>\n\t\t<\/a>\n\n\t\t\n\t\t<a href=\"https:\/\/www.1.wuerzburger-fischerverein.de\/home\/wp-content\/gallery\/see-3\/IMG_20260118_131147.jpg\"\n\t\t\ttitle=\"See 3 im Januar 2026\"\n\t\t\tdata-src=\"https:\/\/www.1.wuerzburger-fischerverein.de\/home\/wp-content\/gallery\/see-3\/IMG_20260118_131147.jpg\"\n\t\t\tdata-thumbnail=\"https:\/\/www.1.wuerzburger-fischerverein.de\/home\/wp-content\/gallery\/see-3\/thumbs\/thumbs_IMG_20260118_131147.jpg\"\n\t\t\tdata-image-id=\"580\"\n\t\t\tdata-title=\"See 3 Einfahrtverbreiterung\"\n\t\t\tdata-description=\"See 3 im Januar 2026\"\n\t\t\t\t\t\t\t\t\t\t\t\t\t\t\tclass=\"ngg-fancybox\" rel=\"d5fde7d4137b846e33c0d9d1072ead1c\">\n\t\t\t\n\t\t\t<img data-image-id='580'\n\t\t\t\ttitle=\"See 3 im Januar 2026\"\n\t\t\t\talt=\"See 3 Einfahrtverbreiterung\"\n\t\t\t\tsrc=\"https:\/\/www.1.wuerzburger-fischerverein.de\/home\/wp-content\/gallery\/see-3\/IMG_20260118_131147.jpg\"\n\t\t\t\tstyle=\"max-height: 180px;\"\/>\n\t\t<\/a>\n\n\t\t\n\t\t<a href=\"https:\/\/www.1.wuerzburger-fischerverein.de\/home\/wp-content\/gallery\/faenge\/IMG_20191027_103852624.jpg\"\n\t\t\ttitle=\"Hecht &lt;br \/&gt; gefangen im Oktober 2019&lt;br \/&gt;(See 1)\"\n\t\t\tdata-src=\"https:\/\/www.1.wuerzburger-fischerverein.de\/home\/wp-content\/gallery\/faenge\/IMG_20191027_103852624.jpg\"\n\t\t\tdata-thumbnail=\"https:\/\/www.1.wuerzburger-fischerverein.de\/home\/wp-content\/gallery\/faenge\/thumbs\/thumbs_IMG_20191027_103852624.jpg\"\n\t\t\tdata-image-id=\"248\"\n\t\t\tdata-title=\"Hecht\"\n\t\t\tdata-description=\"Hecht &lt;br \/&gt; gefangen im Oktober 2019&lt;br \/&gt;(See 1)\"\n\t\t\t\t\t\t\t\t\t\t\t\t\t\t\tclass=\"ngg-fancybox\" rel=\"d5fde7d4137b846e33c0d9d1072ead1c\">\n\t\t\t\n\t\t\t<img data-image-id='248'\n\t\t\t\ttitle=\"Hecht  gefangen im Oktober 2019(See 1)\"\n\t\t\t\talt=\"Hecht\"\n\t\t\t\tsrc=\"https:\/\/www.1.wuerzburger-fischerverein.de\/home\/wp-content\/gallery\/faenge\/IMG_20191027_103852624.jpg\"\n\t\t\t\tstyle=\"max-height: 180px;\"\/>\n\t\t<\/a>\n\n\t\t\n\t\t<a href=\"https:\/\/www.1.wuerzburger-fischerverein.de\/home\/wp-content\/gallery\/see-1\/See1_DSC007566.jpg\"\n\t\t\ttitle=\"Blick von hinten\"\n\t\t\tdata-src=\"https:\/\/www.1.wuerzburger-fischerverein.de\/home\/wp-content\/gallery\/see-1\/See1_DSC007566.jpg\"\n\t\t\tdata-thumbnail=\"https:\/\/www.1.wuerzburger-fischerverein.de\/home\/wp-content\/gallery\/see-1\/thumbs\/thumbs_See1_DSC007566.jpg\"\n\t\t\tdata-image-id=\"99\"\n\t\t\tdata-title=\"See 1\"\n\t\t\tdata-description=\"Blick von hinten\"\n\t\t\t\t\t\t\t\t\t\t\t\t\t\t\tclass=\"ngg-fancybox\" rel=\"d5fde7d4137b846e33c0d9d1072ead1c\">\n\t\t\t\n\t\t\t<img data-image-id='99'\n\t\t\t\ttitle=\"Blick von hinten\"\n\t\t\t\talt=\"See 1\"\n\t\t\t\tsrc=\"https:\/\/www.1.wuerzburger-fischerverein.de\/home\/wp-content\/gallery\/see-1\/See1_DSC007566.jpg\"\n\t\t\t\tstyle=\"max-height: 180px;\"\/>\n\t\t<\/a>\n\n\t\t\n\t\t<a href=\"https:\/\/www.1.wuerzburger-fischerverein.de\/home\/wp-content\/gallery\/see-2\/IMG_20191019_142902755_HDR.jpg\"\n\t\t\ttitle=\"Baggerarbeiten 10\/2019\"\n\t\t\tdata-src=\"https:\/\/www.1.wuerzburger-fischerverein.de\/home\/wp-content\/gallery\/see-2\/IMG_20191019_142902755_HDR.jpg\"\n\t\t\tdata-thumbnail=\"https:\/\/www.1.wuerzburger-fischerverein.de\/home\/wp-content\/gallery\/see-2\/thumbs\/thumbs_IMG_20191019_142902755_HDR.jpg\"\n\t\t\tdata-image-id=\"590\"\n\t\t\tdata-title=\"See 2\"\n\t\t\tdata-description=\"Baggerarbeiten 10\/2019\"\n\t\t\t\t\t\t\t\t\t\t\t\t\t\t\tclass=\"ngg-fancybox\" rel=\"d5fde7d4137b846e33c0d9d1072ead1c\">\n\t\t\t\n\t\t\t<img data-image-id='590'\n\t\t\t\ttitle=\"Baggerarbeiten 10\/2019\"\n\t\t\t\talt=\"See 2\"\n\t\t\t\tsrc=\"https:\/\/www.1.wuerzburger-fischerverein.de\/home\/wp-content\/gallery\/see-2\/IMG_20191019_142902755_HDR.jpg\"\n\t\t\t\tstyle=\"max-height: 180px;\"\/>\n\t\t<\/a>\n\n\t\t\n\t\t<a href=\"https:\/\/www.1.wuerzburger-fischerverein.de\/home\/wp-content\/gallery\/see-2\/See2_DSC0071672.jpg\"\n\t\t\ttitle=\"\"\n\t\t\tdata-src=\"https:\/\/www.1.wuerzburger-fischerverein.de\/home\/wp-content\/gallery\/see-2\/See2_DSC0071672.jpg\"\n\t\t\tdata-thumbnail=\"https:\/\/www.1.wuerzburger-fischerverein.de\/home\/wp-content\/gallery\/see-2\/thumbs\/thumbs_See2_DSC0071672.jpg\"\n\t\t\tdata-image-id=\"173\"\n\t\t\tdata-title=\"See 2\"\n\t\t\tdata-description=\"\"\n\t\t\t\t\t\t\t\t\t\t\t\t\t\t\tclass=\"ngg-fancybox\" rel=\"d5fde7d4137b846e33c0d9d1072ead1c\">\n\t\t\t\n\t\t\t<img data-image-id='173'\n\t\t\t\ttitle=\"\"\n\t\t\t\talt=\"See 2\"\n\t\t\t\tsrc=\"https:\/\/www.1.wuerzburger-fischerverein.de\/home\/wp-content\/gallery\/see-2\/See2_DSC0071672.jpg\"\n\t\t\t\tstyle=\"max-height: 180px;\"\/>\n\t\t<\/a>\n\n\t\t\n\t\t<a href=\"https:\/\/www.1.wuerzburger-fischerverein.de\/home\/wp-content\/gallery\/see-3\/DSC01858.JPG\"\n\t\t\ttitle=\"\"\n\t\t\tdata-src=\"https:\/\/www.1.wuerzburger-fischerverein.de\/home\/wp-content\/gallery\/see-3\/DSC01858.JPG\"\n\t\t\tdata-thumbnail=\"https:\/\/www.1.wuerzburger-fischerverein.de\/home\/wp-content\/gallery\/see-3\/thumbs\/thumbs_DSC01858.JPG\"\n\t\t\tdata-image-id=\"216\"\n\t\t\tdata-title=\"See 3\"\n\t\t\tdata-description=\"\"\n\t\t\t\t\t\t\t\t\t\t\t\t\t\t\tclass=\"ngg-fancybox\" rel=\"d5fde7d4137b846e33c0d9d1072ead1c\">\n\t\t\t\n\t\t\t<img data-image-id='216'\n\t\t\t\ttitle=\"\"\n\t\t\t\talt=\"See 3\"\n\t\t\t\tsrc=\"https:\/\/www.1.wuerzburger-fischerverein.de\/home\/wp-content\/gallery\/see-3\/DSC01858.JPG\"\n\t\t\t\tstyle=\"max-height: 180px;\"\/>\n\t\t<\/a>\n\n\t\t\n\t\t<a href=\"https:\/\/www.1.wuerzburger-fischerverein.de\/home\/wp-content\/gallery\/see-3\/DSC01856.JPG\"\n\t\t\ttitle=\"\"\n\t\t\tdata-src=\"https:\/\/www.1.wuerzburger-fischerverein.de\/home\/wp-content\/gallery\/see-3\/DSC01856.JPG\"\n\t\t\tdata-thumbnail=\"https:\/\/www.1.wuerzburger-fischerverein.de\/home\/wp-content\/gallery\/see-3\/thumbs\/thumbs_DSC01856.JPG\"\n\t\t\tdata-image-id=\"214\"\n\t\t\tdata-title=\"See 3\"\n\t\t\tdata-description=\"\"\n\t\t\t\t\t\t\t\t\t\t\t\t\t\t\tclass=\"ngg-fancybox\" rel=\"d5fde7d4137b846e33c0d9d1072ead1c\">\n\t\t\t\n\t\t\t<img data-image-id='214'\n\t\t\t\ttitle=\"\"\n\t\t\t\talt=\"See 3\"\n\t\t\t\tsrc=\"https:\/\/www.1.wuerzburger-fischerverein.de\/home\/wp-content\/gallery\/see-3\/DSC01856.JPG\"\n\t\t\t\tstyle=\"max-height: 180px;\"\/>\n\t\t<\/a>\n\n\t\t\n\t\t<a href=\"https:\/\/www.1.wuerzburger-fischerverein.de\/home\/wp-content\/gallery\/faenge\/IMG-20141214-WA0020.jpg\"\n\t\t\ttitle=\"Barsch&lt;br \/&gt; gefangen 2014&lt;br \/&gt;(See 3)\"\n\t\t\tdata-src=\"https:\/\/www.1.wuerzburger-fischerverein.de\/home\/wp-content\/gallery\/faenge\/IMG-20141214-WA0020.jpg\"\n\t\t\tdata-thumbnail=\"https:\/\/www.1.wuerzburger-fischerverein.de\/home\/wp-content\/gallery\/faenge\/thumbs\/thumbs_IMG-20141214-WA0020.jpg\"\n\t\t\tdata-image-id=\"193\"\n\t\t\tdata-title=\"Barsch\"\n\t\t\tdata-description=\"Barsch&lt;br \/&gt; gefangen 2014&lt;br \/&gt;(See 3)\"\n\t\t\t\t\t\t\t\t\t\t\t\t\t\t\tclass=\"ngg-fancybox\" rel=\"d5fde7d4137b846e33c0d9d1072ead1c\">\n\t\t\t\n\t\t\t<img data-image-id='193'\n\t\t\t\ttitle=\"Barsch gefangen 2014(See 3)\"\n\t\t\t\talt=\"Barsch\"\n\t\t\t\tsrc=\"https:\/\/www.1.wuerzburger-fischerverein.de\/home\/wp-content\/gallery\/faenge\/IMG-20141214-WA0020.jpg\"\n\t\t\t\tstyle=\"max-height: 180px;\"\/>\n\t\t<\/a>\n\n\t\t\n\t\t<a href=\"https:\/\/www.1.wuerzburger-fischerverein.de\/home\/wp-content\/gallery\/see-2\/See2_DSC0062241.jpg\"\n\t\t\ttitle=\"\"\n\t\t\tdata-src=\"https:\/\/www.1.wuerzburger-fischerverein.de\/home\/wp-content\/gallery\/see-2\/See2_DSC0062241.jpg\"\n\t\t\tdata-thumbnail=\"https:\/\/www.1.wuerzburger-fischerverein.de\/home\/wp-content\/gallery\/see-2\/thumbs\/thumbs_See2_DSC0062241.jpg\"\n\t\t\tdata-image-id=\"142\"\n\t\t\tdata-title=\"See 2\"\n\t\t\tdata-description=\"\"\n\t\t\t\t\t\t\t\t\t\t\t\t\t\t\tclass=\"ngg-fancybox\" rel=\"d5fde7d4137b846e33c0d9d1072ead1c\">\n\t\t\t\n\t\t\t<img data-image-id='142'\n\t\t\t\ttitle=\"\"\n\t\t\t\talt=\"See 2\"\n\t\t\t\tsrc=\"https:\/\/www.1.wuerzburger-fischerverein.de\/home\/wp-content\/gallery\/see-2\/See2_DSC0062241.jpg\"\n\t\t\t\tstyle=\"max-height: 180px;\"\/>\n\t\t<\/a>\n\n\t\t\n\t\t<a href=\"https:\/\/www.1.wuerzburger-fischerverein.de\/home\/wp-content\/gallery\/faenge\/IMG-20140928-WA0000.jpg\"\n\t\t\ttitle=\"Marmorkarpfen&lt;br \/&gt; gefangen am 26.09.2014&lt;br \/&gt; (See 1)\"\n\t\t\tdata-src=\"https:\/\/www.1.wuerzburger-fischerverein.de\/home\/wp-content\/gallery\/faenge\/IMG-20140928-WA0000.jpg\"\n\t\t\tdata-thumbnail=\"https:\/\/www.1.wuerzburger-fischerverein.de\/home\/wp-content\/gallery\/faenge\/thumbs\/thumbs_IMG-20140928-WA0000.jpg\"\n\t\t\tdata-image-id=\"176\"\n\t\t\tdata-title=\"Marmorkarpfen\"\n\t\t\tdata-description=\"Marmorkarpfen&lt;br \/&gt; gefangen am 26.09.2014&lt;br \/&gt; (See 1)\"\n\t\t\t\t\t\t\t\t\t\t\t\t\t\t\tclass=\"ngg-fancybox\" rel=\"d5fde7d4137b846e33c0d9d1072ead1c\">\n\t\t\t\n\t\t\t<img data-image-id='176'\n\t\t\t\ttitle=\"Marmorkarpfen gefangen am 26.09.2014 (See 1)\"\n\t\t\t\talt=\"Marmorkarpfen\"\n\t\t\t\tsrc=\"https:\/\/www.1.wuerzburger-fischerverein.de\/home\/wp-content\/gallery\/faenge\/IMG-20140928-WA0000.jpg\"\n\t\t\t\tstyle=\"max-height: 180px;\"\/>\n\t\t<\/a>\n\n\t\t\n\t\t<a href=\"https:\/\/www.1.wuerzburger-fischerverein.de\/home\/wp-content\/gallery\/see-2\/See2_DSC0056228.jpg\"\n\t\t\ttitle=\"\"\n\t\t\tdata-src=\"https:\/\/www.1.wuerzburger-fischerverein.de\/home\/wp-content\/gallery\/see-2\/See2_DSC0056228.jpg\"\n\t\t\tdata-thumbnail=\"https:\/\/www.1.wuerzburger-fischerverein.de\/home\/wp-content\/gallery\/see-2\/thumbs\/thumbs_See2_DSC0056228.jpg\"\n\t\t\tdata-image-id=\"129\"\n\t\t\tdata-title=\"See 2\"\n\t\t\tdata-description=\"\"\n\t\t\t\t\t\t\t\t\t\t\t\t\t\t\tclass=\"ngg-fancybox\" rel=\"d5fde7d4137b846e33c0d9d1072ead1c\">\n\t\t\t\n\t\t\t<img data-image-id='129'\n\t\t\t\ttitle=\"\"\n\t\t\t\talt=\"See 2\"\n\t\t\t\tsrc=\"https:\/\/www.1.wuerzburger-fischerverein.de\/home\/wp-content\/gallery\/see-2\/See2_DSC0056228.jpg\"\n\t\t\t\tstyle=\"max-height: 180px;\"\/>\n\t\t<\/a>\n\n\t\t\n\t\t<a href=\"https:\/\/www.1.wuerzburger-fischerverein.de\/home\/wp-content\/gallery\/see-2\/See2_DSC0050721.jpg\"\n\t\t\ttitle=\"\"\n\t\t\tdata-src=\"https:\/\/www.1.wuerzburger-fischerverein.de\/home\/wp-content\/gallery\/see-2\/See2_DSC0050721.jpg\"\n\t\t\tdata-thumbnail=\"https:\/\/www.1.wuerzburger-fischerverein.de\/home\/wp-content\/gallery\/see-2\/thumbs\/thumbs_See2_DSC0050721.jpg\"\n\t\t\tdata-image-id=\"122\"\n\t\t\tdata-title=\"See 2\"\n\t\t\tdata-description=\"\"\n\t\t\t\t\t\t\t\t\t\t\t\t\t\t\tclass=\"ngg-fancybox\" rel=\"d5fde7d4137b846e33c0d9d1072ead1c\">\n\t\t\t\n\t\t\t<img data-image-id='122'\n\t\t\t\ttitle=\"\"\n\t\t\t\talt=\"See 2\"\n\t\t\t\tsrc=\"https:\/\/www.1.wuerzburger-fischerverein.de\/home\/wp-content\/gallery\/see-2\/See2_DSC0050721.jpg\"\n\t\t\t\tstyle=\"max-height: 180px;\"\/>\n\t\t<\/a>\n\n\t\t\n\t\t<a href=\"https:\/\/www.1.wuerzburger-fischerverein.de\/home\/wp-content\/gallery\/see-2\/See2_DSC0050219.jpg\"\n\t\t\ttitle=\"\"\n\t\t\tdata-src=\"https:\/\/www.1.wuerzburger-fischerverein.de\/home\/wp-content\/gallery\/see-2\/See2_DSC0050219.jpg\"\n\t\t\tdata-thumbnail=\"https:\/\/www.1.wuerzburger-fischerverein.de\/home\/wp-content\/gallery\/see-2\/thumbs\/thumbs_See2_DSC0050219.jpg\"\n\t\t\tdata-image-id=\"120\"\n\t\t\tdata-title=\"See 2\"\n\t\t\tdata-description=\"\"\n\t\t\t\t\t\t\t\t\t\t\t\t\t\t\tclass=\"ngg-fancybox\" rel=\"d5fde7d4137b846e33c0d9d1072ead1c\">\n\t\t\t\n\t\t\t<img data-image-id='120'\n\t\t\t\ttitle=\"\"\n\t\t\t\talt=\"See 2\"\n\t\t\t\tsrc=\"https:\/\/www.1.wuerzburger-fischerverein.de\/home\/wp-content\/gallery\/see-2\/See2_DSC0050219.jpg\"\n\t\t\t\tstyle=\"max-height: 180px;\"\/>\n\t\t<\/a>\n\n\t\t\n\t\t<a href=\"https:\/\/www.1.wuerzburger-fischerverein.de\/home\/wp-content\/gallery\/see-2\/See2_DSC0049114.jpg\"\n\t\t\ttitle=\"\"\n\t\t\tdata-src=\"https:\/\/www.1.wuerzburger-fischerverein.de\/home\/wp-content\/gallery\/see-2\/See2_DSC0049114.jpg\"\n\t\t\tdata-thumbnail=\"https:\/\/www.1.wuerzburger-fischerverein.de\/home\/wp-content\/gallery\/see-2\/thumbs\/thumbs_See2_DSC0049114.jpg\"\n\t\t\tdata-image-id=\"115\"\n\t\t\tdata-title=\"See 2\"\n\t\t\tdata-description=\"\"\n\t\t\t\t\t\t\t\t\t\t\t\t\t\t\tclass=\"ngg-fancybox\" rel=\"d5fde7d4137b846e33c0d9d1072ead1c\">\n\t\t\t\n\t\t\t<img data-image-id='115'\n\t\t\t\ttitle=\"\"\n\t\t\t\talt=\"See 2\"\n\t\t\t\tsrc=\"https:\/\/www.1.wuerzburger-fischerverein.de\/home\/wp-content\/gallery\/see-2\/See2_DSC0049114.jpg\"\n\t\t\t\tstyle=\"max-height: 180px;\"\/>\n\t\t<\/a>\n\n\t\t<\/div>\n\n\n<\/p>\n","protected":false},"excerpt":{"rendered":"<p>Der Erlaubnisschein f\u00fcr einen Tag und See kostet 8,50\u20ac. Gast-Tageskarten sind nur g\u00fcltig mit Begleitung eines Mitgliedes. Gefangen werden d\u00fcrfen zwei Raubfische und drei Karpfen pro Erlaubnisschein.<\/p>\n","protected":false},"author":1,"featured_media":0,"parent":0,"menu_order":0,"comment_status":"closed","ping_status":"closed","template":"","meta":{"_aioseo_title":"","_aioseo_description":"Der Erlaubnisschein f\u00fcr einen Tag und See kostet 8,50\u20ac. Gast-Tageskarten sind nur g\u00fcltig mit Begleitung eines Mitgliedes. Gefangen werden d\u00fcrfen zwei Raubfische und drei Karpfen pro Erlaubnisschein.","_bbp_topic_count":0,"_bbp_reply_count":0,"_bbp_total_topic_count":0,"_bbp_total_reply_count":0,"_bbp_voice_count":0,"_bbp_anonymous_reply_count":0,"_bbp_topic_count_hidden":0,"_bbp_reply_count_hidden":0,"_bbp_forum_subforum_count":0,"ngg_post_thumbnail":0,"footnotes":""},"class_list":["post-24","page","type-page","status-publish"],"_links":{"self":[{"href":"https:\/\/www.1.wuerzburger-fischerverein.de\/home\/wp-json\/wp\/v2\/pages\/24","targetHints":{"allow":["GET"]}}],"collection":[{"href":"https:\/\/www.1.wuerzburger-fischerverein.de\/home\/wp-json\/wp\/v2\/pages"}],"about":[{"href":"https:\/\/www.1.wuerzburger-fischerverein.de\/home\/wp-json\/wp\/v2\/types\/page"}],"author":[{"embeddable":true,"href":"https:\/\/www.1.wuerzburger-fischerverein.de\/home\/wp-json\/wp\/v2\/users\/1"}],"replies":[{"embeddable":true,"href":"https:\/\/www.1.wuerzburger-fischerverein.de\/home\/wp-json\/wp\/v2\/comments?post=24"}],"version-history":[{"count":0,"href":"https:\/\/www.1.wuerzburger-fischerverein.de\/home\/wp-json\/wp\/v2\/pages\/24\/revisions"}],"wp:attachment":[{"href":"https:\/\/www.1.wuerzburger-fischerverein.de\/home\/wp-json\/wp\/v2\/media?parent=24"}],"curies":[{"name":"wp","href":"https:\/\/api.w.org\/{rel}","templated":true}]}}