{"id":22,"date":"2014-04-12T02:19:19","date_gmt":"2014-04-12T00:19:19","guid":{"rendered":"http:\/\/www.1.wuerzburger-fischerverein.de\/home\/?page_id=22"},"modified":"2021-03-27T20:43:31","modified_gmt":"2021-03-27T19:43:31","slug":"gewaesser","status":"publish","type":"page","link":"https:\/\/www.1.wuerzburger-fischerverein.de\/home\/gewaesser\/","title":{"rendered":"Gew\u00e4sser"},"content":{"rendered":"<p>Wir haben insgesamt drei Seen in Marktbreit. Diese sind einfach mit See 1, See 2 und See 3 benannt.<\/p>\n<p style=\"text-align: center;\"><a href=\"https:\/\/www.1.wuerzburger-fischerverein.de\/home\/wp-content\/uploads\/2014\/04\/See-Karte.jpg\"><img loading=\"lazy\" decoding=\"async\" class=\"wp-image-169 aligncenter\" src=\"https:\/\/www.1.wuerzburger-fischerverein.de\/home\/wp-content\/uploads\/2014\/04\/See-Karte.jpg\" alt=\"See-Karte\" width=\"675\" height=\"455\" srcset=\"https:\/\/www.1.wuerzburger-fischerverein.de\/home\/wp-content\/uploads\/2014\/04\/See-Karte.jpg 1021w, https:\/\/www.1.wuerzburger-fischerverein.de\/home\/wp-content\/uploads\/2014\/04\/See-Karte-300x202.jpg 300w\" sizes=\"auto, (max-width: 675px) 100vw, 675px\" \/><\/a><\/p>\n<p style=\"text-align: left;\">Alle drei Seen haben einen guten Fischbestand. In unseren Vereinsgew\u00e4ssern sind Wei\u00dffische wie Rotaugen, Brachsen, Schleien und Karpfen, sowie Raubfische wie Hecht, Zander und Waller vorhanden. Auch Aale und Barsche werden h\u00e4ufig gefangen. Der gr\u00f6\u00dfte See hat einen direkten offenen Anschluss zum Main und ist auch deshalb immer f\u00fcr eine \u00dcberraschung gut.<\/p>\nngg_shortcode_0_placeholder\n<p style=\"text-align: center;\">&nbsp;<\/p>\n","protected":false},"excerpt":{"rendered":"<p>Wir haben insgesamt drei Seen in Marktbreit. Diese sind einfach mit See 1, See 2 und See 3 benannt. Alle drei Seen haben einen guten Fischbestand. In unseren Vereinsgew\u00e4ssern sind Wei\u00dffische wie Rotaugen, Brachsen, Schleien und Karpfen, sowie Raubfische wie Hecht, Zander und Waller vorhanden. Auch Aale und Barsche werden h\u00e4ufig gefangen. Der gr\u00f6\u00dfte See&#8230;<\/p>\n<p class=\"more-link\"><a href=\"https:\/\/www.1.wuerzburger-fischerverein.de\/home\/gewaesser\/\" class=\"themebutton3\">Read More<\/a><\/p>\n","protected":false},"author":1,"featured_media":0,"parent":0,"menu_order":0,"comment_status":"closed","ping_status":"closed","template":"","meta":{"_aioseo_title":"","_aioseo_description":"","_bbp_topic_count":0,"_bbp_reply_count":0,"_bbp_total_topic_count":0,"_bbp_total_reply_count":0,"_bbp_voice_count":0,"_bbp_anonymous_reply_count":0,"_bbp_topic_count_hidden":0,"_bbp_reply_count_hidden":0,"_bbp_forum_subforum_count":0,"ngg_post_thumbnail":0,"footnotes":""},"class_list":["post-22","page","type-page","status-publish"],"_links":{"self":[{"href":"https:\/\/www.1.wuerzburger-fischerverein.de\/home\/wp-json\/wp\/v2\/pages\/22","targetHints":{"allow":["GET"]}}],"collection":[{"href":"https:\/\/www.1.wuerzburger-fischerverein.de\/home\/wp-json\/wp\/v2\/pages"}],"about":[{"href":"https:\/\/www.1.wuerzburger-fischerverein.de\/home\/wp-json\/wp\/v2\/types\/page"}],"author":[{"embeddable":true,"href":"https:\/\/www.1.wuerzburger-fischerverein.de\/home\/wp-json\/wp\/v2\/users\/1"}],"replies":[{"embeddable":true,"href":"https:\/\/www.1.wuerzburger-fischerverein.de\/home\/wp-json\/wp\/v2\/comments?post=22"}],"version-history":[{"count":0,"href":"https:\/\/www.1.wuerzburger-fischerverein.de\/home\/wp-json\/wp\/v2\/pages\/22\/revisions"}],"wp:attachment":[{"href":"https:\/\/www.1.wuerzburger-fischerverein.de\/home\/wp-json\/wp\/v2\/media?parent=22"}],"curies":[{"name":"wp","href":"https:\/\/api.w.org\/{rel}","templated":true}]}}