{"id":114,"date":"2014-04-27T17:02:48","date_gmt":"2014-04-27T15:02:48","guid":{"rendered":"http:\/\/www.1.wuerzburger-fischerverein.de\/home\/?page_id=114"},"modified":"2024-12-30T00:02:52","modified_gmt":"2024-12-29T23:02:52","slug":"news","status":"publish","type":"page","link":"https:\/\/www.1.wuerzburger-fischerverein.de\/home\/news\/","title":{"rendered":"Aktuelles aus unserem Verein"},"content":{"rendered":"\n<div class=\"wp-block-group\"><div class=\"wp-block-group__inner-container is-layout-constrained wp-block-group-is-layout-constrained\"><ul class=\"wp-block-latest-posts__list has-dates wp-block-latest-posts\"><li><a class=\"wp-block-latest-posts__post-title\" href=\"https:\/\/www.1.wuerzburger-fischerverein.de\/home\/frohe-weihnachten-und-frohes-neues\/\">Frohe Weihnachten<\/a><time datetime=\"2025-12-24T16:12:10+01:00\" class=\"wp-block-latest-posts__post-date\">24. Dezember 2025<\/time><div class=\"wp-block-latest-posts__post-full-content\"><!-- wp:paragraph -->\n<p>Liebe Mitglieder und Freunde,<br>wir w\u00fcnschen euch eine wundervolle und besinnliche Weihnachtszeit im Kreis eurer Familie und Freunde. Genie\u00dft die ruhigen Festtage und tankt neue Kraft. F\u00fcr das kommende Jahr hoffen wir auf viele sch\u00f6ne gemeinsame Stunden, erfolgreiche Angeltage und bleibende Erinnerungen.<\/p>\n<!-- \/wp:paragraph -->\n\n<!-- wp:paragraph {\"align\":\"left\"} -->\n<p class=\"has-text-align-left\"><img loading=\"lazy\" decoding=\"async\" width=\"1024\" height=\"1024\" class=\"wp-image-86760\" style=\"width: 600px\" src=\"https:\/\/www.1.wuerzburger-fischerverein.de\/home\/wp-content\/uploads\/2025\/12\/Weihnachtsgruesse.jpg\" alt=\"\" srcset=\"https:\/\/www.1.wuerzburger-fischerverein.de\/home\/wp-content\/uploads\/2025\/12\/Weihnachtsgruesse.jpg 1024w, https:\/\/www.1.wuerzburger-fischerverein.de\/home\/wp-content\/uploads\/2025\/12\/Weihnachtsgruesse-300x300.jpg 300w, https:\/\/www.1.wuerzburger-fischerverein.de\/home\/wp-content\/uploads\/2025\/12\/Weihnachtsgruesse-150x150.jpg 150w, https:\/\/www.1.wuerzburger-fischerverein.de\/home\/wp-content\/uploads\/2025\/12\/Weihnachtsgruesse-768x768.jpg 768w\" sizes=\"auto, (max-width: 1024px) 100vw, 1024px\" \/><br>Kommt gut ins neue Jahr, bleibt gesund und stets ein kr\u00e4ftiges Petri Heil!<\/p>\n<!-- \/wp:paragraph -->\n\n<!-- wp:paragraph -->\n<p><\/p>\n<!-- \/wp:paragraph -->\n\n<!-- wp:paragraph -->\n<p><\/p>\n<!-- \/wp:paragraph --><\/div><\/li>\n<li><a class=\"wp-block-latest-posts__post-title\" href=\"https:\/\/www.1.wuerzburger-fischerverein.de\/home\/koenigsangeln-2025\/\">K\u00f6nigsangeln 2025<\/a><time datetime=\"2025-09-24T08:00:00+02:00\" class=\"wp-block-latest-posts__post-date\">24. September 2025<\/time><div class=\"wp-block-latest-posts__post-full-content\"><!-- wp:paragraph -->\n<p>Auch dieses Jahr hat unser j\u00e4hrliches Preisangeln stattgefunden. Leider war die Teilnahme wieder sehr gering und wir mussten nur 12 Pl\u00e4tze von unseren 15 ausgesteckten Pl\u00e4tze vergeben.<\/p>\n<!-- \/wp:paragraph -->\n\n<!-- wp:paragraph -->\n<p>Es sind alle rechtzeitig an der Fischerh\u00fctte am See2 eingetroffen und so konnten wir frisch gest\u00e4rkt mit Kaffee und bereits gezogenem Los f\u00fcr den Platz p\u00fcnktlich um 8:00 Uhr mit dem K\u00f6nigsfischen starten. Um 10:00 Uhr gab es dann zur St\u00e4rkung ein Wei\u00dfwurstfr\u00fchst\u00fcck und zum Abschluss leckeres Gyros vom Grill.<\/p>\n<!-- \/wp:paragraph -->\n\n<!-- wp:paragraph -->\n<p>Dieses Jahr wurden \u2013 wie so oft beim Preisangeln \u2013 wieder recht wenige Fische gefangen. Besonders auff\u00e4llig waren die Karpfen im See 1 \u2013 als w\u00fcssten die was da los ist. Jedenfalls erreichte Ralph Selbach mit einer Schleie (0,8 kg) den 3. Platz, Josef Gr\u00fcnwald mit einem Hecht (1,3 kg) den 2. Platz und den Pokal holte sich Pascal Behringer mit einem Hecht (1,4 kg).<\/p>\n<!-- \/wp:paragraph -->\n\n<!-- wp:paragraph -->\n<p>In der Jugend konnte Maximilian Rhein wieder seinen Titel mit einem Karpfen (3,5 kg) aus See 2 verteidigen.<\/p>\n<!-- \/wp:paragraph -->\n\n<!-- wp:paragraph -->\n<p>Herzlichen Gl\u00fcckwunsch allen zusammen.<\/p>\n<!-- \/wp:paragraph -->\n\n<!-- wp:paragraph -->\n<p><\/p>\n<!-- \/wp:paragraph --><\/div><\/li>\n<li><a class=\"wp-block-latest-posts__post-title\" href=\"https:\/\/www.1.wuerzburger-fischerverein.de\/home\/frohe-weihnachten-3\/\">Frohe Weihnachten<\/a><time datetime=\"2024-12-24T15:45:00+01:00\" class=\"wp-block-latest-posts__post-date\">24. Dezember 2024<\/time><div class=\"wp-block-latest-posts__post-full-content\"><!-- wp:paragraph -->\n<p>Liebe Mitglieder und Freunde,<br><br>wir w\u00fcnschen euch ein frohes und besinnliches Weihnachtsfest im Kreise eurer Liebsten. M\u00f6ge die festliche Zeit euch Ruhe und Freude bringen, und das kommende Jahr mit vielen erfolgreichen Angeltagen, gemeinsamen Erlebnissen und unvergesslichen Momenten f\u00fcllen.<br><br>Kommt gut ins neue Jahr, bleibt gesund und immer ein gutes Fanggl\u00fcck!<\/p>\n<!-- \/wp:paragraph -->\n\n<!-- wp:quote -->\n<blockquote class=\"wp-block-quote\"><!-- wp:preformatted -->\n<pre class=\"wp-block-preformatted\">\u3002\u00b0 \u3002 \u00b0 \u02db \u02da \u02db \u02da \u02db \u02da \u2022 \u3002<br>\u3002 \u2022 \u02da \u02da \u02db \u02da \u02db \u3002 \u00b0 \u3002 \u00b0<br>\u3002 \u2022 \u02da \u02da \u02db * \u2605FROHE\u2605 * \u2022<br>\u2022 \u3002\u2605WEIHNACHTEN\u2605 \u3002*<br>  ,*__\u03a0___*\u3002* \u02da \u02da \u02db \u02da \u02db<br>*\/______\/~\uff3c\u3002\u02da \u02da \u02db \u02da \u02db<br>\uff5c\u7530\u7530 \uff5c\u9580\uff5c<br>\u3002 \u2022 \u02da \u02da \u02db * \u2605UND EINEN\u2605 * \u2022<br>\u2022 \u3002\u2605GUTEN RUTSCH\u2605 \u3002*<br>\u3002\u00b0 \u3002 \u00b0 \u02db \u02da \u02db \u02da \u02db \u02da \u3002\u00b0 \u3002 \u00b0 \u02db \u02da \u02db \u02da <br><\/pre>\n<!-- \/wp:preformatted --><\/blockquote>\n<!-- \/wp:quote -->\n\n<!-- wp:paragraph -->\n<p><\/p>\n<!-- \/wp:paragraph -->\n\n<!-- wp:paragraph -->\n<p><\/p>\n<!-- \/wp:paragraph -->\n\n<!-- wp:paragraph -->\n<p><\/p>\n<!-- \/wp:paragraph -->\n\n<!-- wp:paragraph -->\n<p><\/p>\n<!-- \/wp:paragraph -->\n\n<!-- wp:paragraph -->\n<p><\/p>\n<!-- \/wp:paragraph --><\/div><\/li>\n<li><a class=\"wp-block-latest-posts__post-title\" href=\"https:\/\/www.1.wuerzburger-fischerverein.de\/home\/koenigsangeln-2024\/\">K\u00f6nigsangeln 2024<\/a><time datetime=\"2024-10-30T12:00:59+01:00\" class=\"wp-block-latest-posts__post-date\">30. Oktober 2024<\/time><div class=\"wp-block-latest-posts__post-full-content\"><!-- wp:paragraph -->\n<p>Bei sch\u00f6nstem Wetter haben wir uns auch wieder dieses Jahr zum Preisangeln getroffen. Leider war dieses Jahr mit gut 12 Mitgliedern die Teilnahme etwas gering, aber das kann f\u00fcr die zuk\u00fcnftigen Veranstaltungen nur besser werden!<\/p>\n<!-- \/wp:paragraph -->\n\n<!-- wp:paragraph -->\n<p>Los ging es wie immer kurz vor 8:00 Uhr mit einer Tasse Kaffee und der Platzverlosung. Die Pl\u00e4tze waren bei der geringen Teilnehmeranzahl schnell vergeben und die Mitglieder am Wasser. Um 10:00 Uhr gab es Wei\u00dfwurst Fr\u00fchst\u00fcck und dann um 13:00 Uhr leckeres vom Grill.<\/p>\n<!-- \/wp:paragraph -->\n\n<!-- wp:paragraph -->\n<p>Dieses Mal &#8211; trotz dem sch\u00f6nen Wetter &#8211; haben sich die Fische im See 1 etwas bei\u00dffaul gezeigt und so wurden nur einige wenige gefangen. Den 3. Platz mit einem Karpfen (1,560 kg) belegt Maximilian H\u00e4rth-Pr\u00e4g, den 2. Platz mit einem Karpfen (2,640 kg) belegt Norbert Schmitt und den 1.Platz holte sich dieses Jahr Steffen Schiefer mit einem Hecht (1,970 kg (Bewertung x2)). <\/p>\n<!-- \/wp:paragraph -->\n\n<!-- wp:paragraph -->\n<p>In der Jugend holte sich Maximilian Rhein mit einem Karpfen (2,670 kg) den 1. Platz.<\/p>\n<!-- \/wp:paragraph -->\n\n<!-- wp:paragraph -->\n<p>Herzlichen Gl\u00fcckwunsch allen zusammen! <\/p>\n<!-- \/wp:paragraph -->\n\n<!-- wp:paragraph -->\n<p><\/p>\n<!-- \/wp:paragraph --><\/div><\/li>\n<li><a class=\"wp-block-latest-posts__post-title\" href=\"https:\/\/www.1.wuerzburger-fischerverein.de\/home\/jahreshauptversammlung-verschoben\/\">Jahreshauptversammlung verschoben<\/a><time datetime=\"2024-01-18T13:33:21+01:00\" class=\"wp-block-latest-posts__post-date\">18. Januar 2024<\/time><div class=\"wp-block-latest-posts__post-full-content\"><!-- wp:paragraph -->\n<p>Wichtiger Hinweis! Auf Grund der Wetterlage haben wir beschlossen, die f\u00fcr heute angesetzte Jahreshauptversammlung auf n\u00e4chste Woche zu verschieben! Wir denken, dass ist auch in eurem Interesse.<\/p>\n<!-- \/wp:paragraph -->\n\n<!-- wp:paragraph -->\n<p>Jahreshauptversammlung findet heute nicht statt, sondern am Donnerstag, 25.01.2024 um 19 Uhr !!!<\/p>\n<!-- \/wp:paragraph --><\/div><\/li>\n<\/ul><\/div><\/div>\n\n\n\n<p><\/p>\n","protected":false},"excerpt":{"rendered":"","protected":false},"author":1,"featured_media":0,"parent":0,"menu_order":0,"comment_status":"closed","ping_status":"open","template":"","meta":{"_aioseo_title":"","_aioseo_description":"","_bbp_topic_count":0,"_bbp_reply_count":0,"_bbp_total_topic_count":0,"_bbp_total_reply_count":0,"_bbp_voice_count":0,"_bbp_anonymous_reply_count":0,"_bbp_topic_count_hidden":0,"_bbp_reply_count_hidden":0,"_bbp_forum_subforum_count":0,"ngg_post_thumbnail":0,"footnotes":""},"class_list":["post-114","page","type-page","status-publish"],"_links":{"self":[{"href":"https:\/\/www.1.wuerzburger-fischerverein.de\/home\/wp-json\/wp\/v2\/pages\/114","targetHints":{"allow":["GET"]}}],"collection":[{"href":"https:\/\/www.1.wuerzburger-fischerverein.de\/home\/wp-json\/wp\/v2\/pages"}],"about":[{"href":"https:\/\/www.1.wuerzburger-fischerverein.de\/home\/wp-json\/wp\/v2\/types\/page"}],"author":[{"embeddable":true,"href":"https:\/\/www.1.wuerzburger-fischerverein.de\/home\/wp-json\/wp\/v2\/users\/1"}],"replies":[{"embeddable":true,"href":"https:\/\/www.1.wuerzburger-fischerverein.de\/home\/wp-json\/wp\/v2\/comments?post=114"}],"version-history":[{"count":4,"href":"https:\/\/www.1.wuerzburger-fischerverein.de\/home\/wp-json\/wp\/v2\/pages\/114\/revisions"}],"predecessor-version":[{"id":86525,"href":"https:\/\/www.1.wuerzburger-fischerverein.de\/home\/wp-json\/wp\/v2\/pages\/114\/revisions\/86525"}],"wp:attachment":[{"href":"https:\/\/www.1.wuerzburger-fischerverein.de\/home\/wp-json\/wp\/v2\/media?parent=114"}],"curies":[{"name":"wp","href":"https:\/\/api.w.org\/{rel}","templated":true}]}}