{"id":11,"date":"2014-04-12T02:13:41","date_gmt":"2014-04-12T00:13:41","guid":{"rendered":"http:\/\/www.1.wuerzburger-fischerverein.de\/home\/?page_id=11"},"modified":"2016-02-13T21:45:44","modified_gmt":"2016-02-13T20:45:44","slug":"mitglied-werden","status":"publish","type":"page","link":"https:\/\/www.1.wuerzburger-fischerverein.de\/home\/mitglied-werden\/","title":{"rendered":"Mitglied werden"},"content":{"rendered":"<p>Wir haben das Nutzungsrecht f\u00fcr drei interessante Gew\u00e4sser, die wir seit Jahren bewirtschaften. Durch unsere regelm\u00e4\u00dfige Hege und Pflege konnte in unseren Seen ein der Natur angepasster Fischbestand heranwachsen. Dem Angler bietet sich hiermit eine artgerechte Fischvielfalt wie gro\u00dfe Hechte und Zander, sowie Karpfen, Brassen und Aal, um einige Fischarten beispielhaft zu nennen die in unseren Seen vorkommen.<\/p>\n<p>Wir haben eine kleine, aber feine selbsterbaute Fischerh\u00fctte an unserem See 2 und veranstalten f\u00fcr unsere Mitglieder gemeinsame Angelveranstaltungen wie An- und Abangeln, vereinsinterne K\u00f6nigsfischen oder auch gemeinschaftliches Nachtangeln. Gerne nehmen wir auch Jugendliche mit g\u00fcltigen Jugendfischereischein in unseren Verein auf.<\/p>\n<p>Unser Mitgliedsbetrag betr\u00e4gt pro Jahr 220,- Euro und bei einem Beitritt wird einmalig ein Besatzungsgeld von 110,- Euro f\u00e4llig. Pro Jahr mu\u00df von unseren Mitgliedern zus\u00e4tzlich zum Beitrag im Jahr 10 Stunden Arbeitsdienst geleistet werden.<\/p>\n<p>Jeder im Besitz eines g\u00fcltigen Fischereierlaubnissscheins kann eine Mitgliedschaft beantragen. Die Vereinsmitglieder stimmen bei den regelm\u00e4ssigen Versammlungen \u00fcber eine Aufnahme ab. In der Regel spricht gegen eine Aufnahme in den Verein, wenn gen\u00fcgend Kapazit\u00e4ten frei sind, nichts. Gerne sind wir f\u00fcr pers\u00f6nliche Gespr\u00e4che bereit und besichtigen mit Interessenten unsere Vereinsgew\u00e4sser.<\/p>\n<p>Bei Interesse kontaktiere uns einfach \u00fcber unser <a title=\"Kontaktformular\" href=\"https:\/\/www.1.wuerzburger-fischerverein.de\/home\/?page_id=394\">Kontaktformular<\/a>.<\/p>\n<p>&nbsp;<\/p>\n","protected":false},"excerpt":{"rendered":"<p>Wir haben das Nutzungsrecht f\u00fcr drei interessante Gew\u00e4sser, die wir seit Jahren bewirtschaften. Durch unsere regelm\u00e4\u00dfige Hege und Pflege konnte in unseren Seen ein der Natur angepasster Fischbestand heranwachsen. Dem Angler bietet sich hiermit eine artgerechte Fischvielfalt wie gro\u00dfe Hechte und Zander, sowie Karpfen, Brassen und Aal, um einige Fischarten beispielhaft zu nennen die in&#8230;<\/p>\n<p class=\"more-link\"><a href=\"https:\/\/www.1.wuerzburger-fischerverein.de\/home\/mitglied-werden\/\" class=\"themebutton3\">Read More<\/a><\/p>\n","protected":false},"author":1,"featured_media":0,"parent":0,"menu_order":0,"comment_status":"closed","ping_status":"closed","template":"","meta":{"_aioseo_title":"","_aioseo_description":"","_bbp_topic_count":0,"_bbp_reply_count":0,"_bbp_total_topic_count":0,"_bbp_total_reply_count":0,"_bbp_voice_count":0,"_bbp_anonymous_reply_count":0,"_bbp_topic_count_hidden":0,"_bbp_reply_count_hidden":0,"_bbp_forum_subforum_count":0,"ngg_post_thumbnail":0,"footnotes":""},"class_list":["post-11","page","type-page","status-publish"],"_links":{"self":[{"href":"https:\/\/www.1.wuerzburger-fischerverein.de\/home\/wp-json\/wp\/v2\/pages\/11","targetHints":{"allow":["GET"]}}],"collection":[{"href":"https:\/\/www.1.wuerzburger-fischerverein.de\/home\/wp-json\/wp\/v2\/pages"}],"about":[{"href":"https:\/\/www.1.wuerzburger-fischerverein.de\/home\/wp-json\/wp\/v2\/types\/page"}],"author":[{"embeddable":true,"href":"https:\/\/www.1.wuerzburger-fischerverein.de\/home\/wp-json\/wp\/v2\/users\/1"}],"replies":[{"embeddable":true,"href":"https:\/\/www.1.wuerzburger-fischerverein.de\/home\/wp-json\/wp\/v2\/comments?post=11"}],"version-history":[{"count":0,"href":"https:\/\/www.1.wuerzburger-fischerverein.de\/home\/wp-json\/wp\/v2\/pages\/11\/revisions"}],"wp:attachment":[{"href":"https:\/\/www.1.wuerzburger-fischerverein.de\/home\/wp-json\/wp\/v2\/media?parent=11"}],"curies":[{"name":"wp","href":"https:\/\/api.w.org\/{rel}","templated":true}]}}